{"id":2467,"date":"2021-03-30T16:36:54","date_gmt":"2021-03-30T16:36:54","guid":{"rendered":"https:\/\/acero304.com\/eshop\/?post_type=product&#038;p=2467"},"modified":"2025-05-19T13:58:55","modified_gmt":"2025-05-19T13:58:55","slug":"fermentador-1-000-encamisado","status":"publish","type":"product","link":"https:\/\/acero304.com\/eshop\/producto\/fermentador-1-000-encamisado\/","title":{"rendered":"Fermentador 1.000 Encamisado"},"content":{"rendered":"<p>Fermentador Unitank (isobarico\/refrigerante) (Procedencia China)<\/p>\n<p>Volumen neto: 1.000L, volumen bruto: 1.340L<\/p>\n<p>\u2022 Tama\u00f1o: \u03c61.300 X 2.598 mm<\/p>\n<p>\u2022 Presi\u00f3n de dise\u00f1o: 3 bar, presi\u00f3n de trabajo: 1 bar<\/p>\n<p>\u2022 Espesor del tanque interior: 3 mm, Espesor del tanque exterior: 2 mm<\/p>\n<p>\u2022 Proceso de superficie del tanque: Superficie cepillada<\/p>\n<p>\u2022 Tipo de cabeza: Cabeza c\u00f3ncava, Tipo de fondo: Fondo c\u00f3nico, 60 \u00b0 grados<\/p>\n<p>\u2022 Material y espesor de aislamiento: Aislamiento de poliuretano, 100 mm<\/p>\n<p>\u2022 Camisas de enfriamiento alrededor del cilindro y el cono inferior<\/p>\n<p>\u2022 Presi\u00f3n de dise\u00f1o de la Dimple jacket: 2Bar<\/p>\n<p>\u2022 Presi\u00f3n de trabajo de la Dimple jacket: 1Bar<\/p>\n<p>\u2022 Tuber\u00eda CIP y bola rociadora giratoria CIP<\/p>\n<p>\u2022 Boca LATERAL<\/p>\n<p>\u2022 Puerto de dosificaci\u00f3n de l\u00fapulo en la parte superior.<\/p>\n<p>\u2022 Combinado con la v\u00e1lvula de respiraci\u00f3n: ajuste la presi\u00f3n positiva y negativa.<\/p>\n<p>\u2022 Emparejador con v\u00e1lvula toma muestra<\/p>\n<p>\u2022 Combinado con man\u00f3metro y v\u00e1lvula reguladora de presi\u00f3n mec\u00e1nica<\/p>\n<p>\u2022 Brazo de arrastre en el cono, Salida de drenaje en la parte inferior<\/p>\n<p>\u2022Tres patas de acero inoxidable, con conjunto de tornillos para ajustar la altura de las patas<\/p>\n<p>\u2022 Refuerzos entre las piernas.<\/p>\n","protected":false},"excerpt":{"rendered":"<p>Consultar forma de pago.<\/p>\n<p>IVA Incluido.<\/p>\n<p>TIEMPO DE ENTREGA 120 DIAS APROXIMADOS.<\/p>\n<p>&nbsp;<\/p>\n<p>&nbsp;<\/p>\n","protected":false},"featured_media":2447,"comment_status":"open","ping_status":"closed","template":"","meta":{"site-sidebar-layout":"default","site-content-layout":"","ast-site-content-layout":"default","site-content-style":"default","site-sidebar-style":"default","ast-global-header-display":"","ast-banner-title-visibility":"","ast-main-header-display":"","ast-hfb-above-header-display":"","ast-hfb-below-header-display":"","ast-hfb-mobile-header-display":"","site-post-title":"","ast-breadcrumbs-content":"","ast-featured-img":"","footer-sml-layout":"","ast-disable-related-posts":"","theme-transparent-header-meta":"default","adv-header-id-meta":"","stick-header-meta":"","header-above-stick-meta":"","header-main-stick-meta":"","header-below-stick-meta":"","astra-migrate-meta-layouts":"set","ast-page-background-enabled":"default","ast-page-background-meta":{"desktop":{"background-color":"","background-image":"","background-repeat":"repeat","background-position":"center center","background-size":"auto","background-attachment":"scroll","background-type":"","background-media":"","overlay-type":"","overlay-color":"","overlay-opacity":"","overlay-gradient":""},"tablet":{"background-color":"","background-image":"","background-repeat":"repeat","background-position":"center center","background-size":"auto","background-attachment":"scroll","background-type":"","background-media":"","overlay-type":"","overlay-color":"","overlay-opacity":"","overlay-gradient":""},"mobile":{"background-color":"","background-image":"","background-repeat":"repeat","background-position":"center center","background-size":"auto","background-attachment":"scroll","background-type":"","background-media":"","overlay-type":"","overlay-color":"","overlay-opacity":"","overlay-gradient":""}},"ast-content-background-meta":{"desktop":{"background-color":"var(--ast-global-color-5)","background-image":"","background-repeat":"repeat","background-position":"center center","background-size":"auto","background-attachment":"scroll","background-type":"","background-media":"","overlay-type":"","overlay-color":"","overlay-opacity":"","overlay-gradient":""},"tablet":{"background-color":"var(--ast-global-color-5)","background-image":"","background-repeat":"repeat","background-position":"center center","background-size":"auto","background-attachment":"scroll","background-type":"","background-media":"","overlay-type":"","overlay-color":"","overlay-opacity":"","overlay-gradient":""},"mobile":{"background-color":"var(--ast-global-color-5)","background-image":"","background-repeat":"repeat","background-position":"center center","background-size":"auto","background-attachment":"scroll","background-type":"","background-media":"","overlay-type":"","overlay-color":"","overlay-opacity":"","overlay-gradient":""}}},"product_brand":[],"product_cat":[41,117,116,118],"product_tag":[27,28,26,29,46,47,52,25,51],"class_list":{"0":"post-2467","1":"product","2":"type-product","3":"status-publish","4":"has-post-thumbnail","6":"product_cat-1-000-litros","7":"product_cat-contenedores-ibc","8":"product_cat-fermentadores","9":"product_cat-maduradores-y-guarda","10":"product_tag-acero-304","11":"product_tag-acero304","12":"product_tag-brewing","13":"product_tag-cerveza-artesanal","14":"product_tag-equipo-cervecero","15":"product_tag-fabrica-de-cerveza","16":"product_tag-fermentador","17":"product_tag-home-brewing","18":"product_tag-nano-fermentador","19":"desktop-align-center","20":"tablet-align-center","21":"mobile-align-center","23":"first","24":"onbackorder","25":"featured","26":"shipping-taxable","27":"product-type-simple"},"jetpack_sharing_enabled":true,"_links":{"self":[{"href":"https:\/\/acero304.com\/eshop\/wp-json\/wp\/v2\/product\/2467","targetHints":{"allow":["GET"]}}],"collection":[{"href":"https:\/\/acero304.com\/eshop\/wp-json\/wp\/v2\/product"}],"about":[{"href":"https:\/\/acero304.com\/eshop\/wp-json\/wp\/v2\/types\/product"}],"replies":[{"embeddable":true,"href":"https:\/\/acero304.com\/eshop\/wp-json\/wp\/v2\/comments?post=2467"}],"wp:featuredmedia":[{"embeddable":true,"href":"https:\/\/acero304.com\/eshop\/wp-json\/wp\/v2\/media\/2447"}],"wp:attachment":[{"href":"https:\/\/acero304.com\/eshop\/wp-json\/wp\/v2\/media?parent=2467"}],"wp:term":[{"taxonomy":"product_brand","embeddable":true,"href":"https:\/\/acero304.com\/eshop\/wp-json\/wp\/v2\/product_brand?post=2467"},{"taxonomy":"product_cat","embeddable":true,"href":"https:\/\/acero304.com\/eshop\/wp-json\/wp\/v2\/product_cat?post=2467"},{"taxonomy":"product_tag","embeddable":true,"href":"https:\/\/acero304.com\/eshop\/wp-json\/wp\/v2\/product_tag?post=2467"}],"curies":[{"name":"wp","href":"https:\/\/api.w.org\/{rel}","templated":true}]}}