{"id":2604,"date":"2022-07-19T21:33:59","date_gmt":"2022-07-19T21:33:59","guid":{"rendered":"https:\/\/acero304.com\/eshop\/?post_type=product&#038;p=2604"},"modified":"2025-08-07T16:46:14","modified_gmt":"2025-08-07T16:46:14","slug":"madurador-bbt-1000","status":"publish","type":"product","link":"https:\/\/acero304.com\/eshop\/producto\/madurador-bbt-1000\/","title":{"rendered":"Madurador BBT 1000"},"content":{"rendered":"<p>BBT MADURADOR (Procedencia China)<\/p>\n<p>Volumen neto: 1000L, volumen bruto: 1360L<\/p>\n<p>\u2022 Tama\u00f1o: \u03c61260 X 2.182 mm<\/p>\n<p>\u2022 Dise\u00f1o de Temperatura 0\u00b0C a Max 100\u00b0C<\/p>\n<p>\u2022 Presi\u00f3n de dise\u00f1o: 3 bar, presi\u00f3n de trabajo: 1,5 bar<\/p>\n<p>\u2022 Espesor del tanque interior: 3 mm, Espesor del tanque exterior: 2 mm<\/p>\n<p>\u2022 Proceso de superficie del tanque: Superficie cepillada<\/p>\n<p>\u2022 Tipo de cabeza: Cabeza c\u00f3ncava, Tipo de fondo: c\u00f3ncavo (toriesfericos)<\/p>\n<p>\u2022 Material y espesor de aislamiento: Aislamiento de poliuretano, 80 mm<\/p>\n<p>\u2022 Camisas de enfriamiento alrededor del cilindro superficie cubierta 1.3 M2<\/p>\n<p>\u2022 Presi\u00f3n de dise\u00f1o de la Dimple jacket: 3Bar<\/p>\n<p>\u2022 Presi\u00f3n de trabajo de la Dimple jacket: 1Bar<\/p>\n<p>\u2022 Tuber\u00eda CIP y bola rociadora giratoria CIP<\/p>\n<p>\u2022 Boca LATERAL<\/p>\n<p>\u2022 Tubo blindado para sensor de temperatura PT100.<\/p>\n<p>\u2022 Combinado con la v\u00e1lvula de respiraci\u00f3n: ajuste la presi\u00f3n positiva y negativa.<\/p>\n<p>\u2022 V\u00e1lvula toma muestra.<\/p>\n<p>\u2022 Combinado con man\u00f3metro y v\u00e1lvula reguladora de presi\u00f3n mec\u00e1nica<\/p>\n<p>\u2022 Salida de cerveza por el fondo del tanque.<\/p>\n<p>\u2022 Piedra de Carbonataci\u00f3n.<\/p>\n<p>\u2022 Cuatro patas de acero inoxidable, con conjunto de tornillos para ajustar la altura de las patas<\/p>\n<p>&nbsp;<\/p>\n","protected":false},"excerpt":{"rendered":"<p>Consultar forma de pago.<\/p>\n<p>IVA Incluido.<\/p>\n<p>TIEMPO DE ENTREGA 120 DIAS APROXIMADOS.<\/p>\n<p>&nbsp;<\/p>\n<p>&nbsp;<\/p>\n","protected":false},"featured_media":2450,"comment_status":"open","ping_status":"closed","template":"","meta":{"site-sidebar-layout":"default","site-content-layout":"default","ast-site-content-layout":"default","site-content-style":"default","site-sidebar-style":"default","ast-global-header-display":"","ast-banner-title-visibility":"","ast-main-header-display":"","ast-hfb-above-header-display":"","ast-hfb-below-header-display":"","ast-hfb-mobile-header-display":"","site-post-title":"","ast-breadcrumbs-content":"","ast-featured-img":"","footer-sml-layout":"","ast-disable-related-posts":"","theme-transparent-header-meta":"","adv-header-id-meta":"","stick-header-meta":"","header-above-stick-meta":"","header-main-stick-meta":"","header-below-stick-meta":"","astra-migrate-meta-layouts":"default","ast-page-background-enabled":"default","ast-page-background-meta":{"desktop":{"background-color":"","background-image":"","background-repeat":"repeat","background-position":"center center","background-size":"auto","background-attachment":"scroll","background-type":"","background-media":"","overlay-type":"","overlay-color":"","overlay-opacity":"","overlay-gradient":""},"tablet":{"background-color":"","background-image":"","background-repeat":"repeat","background-position":"center center","background-size":"auto","background-attachment":"scroll","background-type":"","background-media":"","overlay-type":"","overlay-color":"","overlay-opacity":"","overlay-gradient":""},"mobile":{"background-color":"","background-image":"","background-repeat":"repeat","background-position":"center center","background-size":"auto","background-attachment":"scroll","background-type":"","background-media":"","overlay-type":"","overlay-color":"","overlay-opacity":"","overlay-gradient":""}},"ast-content-background-meta":{"desktop":{"background-color":"var(--ast-global-color-5)","background-image":"","background-repeat":"repeat","background-position":"center center","background-size":"auto","background-attachment":"scroll","background-type":"","background-media":"","overlay-type":"","overlay-color":"","overlay-opacity":"","overlay-gradient":""},"tablet":{"background-color":"var(--ast-global-color-5)","background-image":"","background-repeat":"repeat","background-position":"center center","background-size":"auto","background-attachment":"scroll","background-type":"","background-media":"","overlay-type":"","overlay-color":"","overlay-opacity":"","overlay-gradient":""},"mobile":{"background-color":"var(--ast-global-color-5)","background-image":"","background-repeat":"repeat","background-position":"center center","background-size":"auto","background-attachment":"scroll","background-type":"","background-media":"","overlay-type":"","overlay-color":"","overlay-opacity":"","overlay-gradient":""}}},"product_brand":[],"product_cat":[41,80,117,42,118,119],"product_tag":[27,28,26,29,46,47,52,25,51],"class_list":{"0":"post-2604","1":"product","2":"type-product","3":"status-publish","4":"has-post-thumbnail","6":"product_cat-1-000-litros","7":"product_cat-bbt-maduradores","8":"product_cat-contenedores-ibc","9":"product_cat-industrial","10":"product_cat-maduradores-y-guarda","11":"product_cat-tanques-bbts","12":"product_tag-acero-304","13":"product_tag-acero304","14":"product_tag-brewing","15":"product_tag-cerveza-artesanal","16":"product_tag-equipo-cervecero","17":"product_tag-fabrica-de-cerveza","18":"product_tag-fermentador","19":"product_tag-home-brewing","20":"product_tag-nano-fermentador","21":"desktop-align-center","22":"tablet-align-center","23":"mobile-align-center","25":"first","26":"onbackorder","27":"sale","28":"featured","29":"shipping-taxable","30":"product-type-simple"},"jetpack_sharing_enabled":true,"_links":{"self":[{"href":"https:\/\/acero304.com\/eshop\/wp-json\/wp\/v2\/product\/2604","targetHints":{"allow":["GET"]}}],"collection":[{"href":"https:\/\/acero304.com\/eshop\/wp-json\/wp\/v2\/product"}],"about":[{"href":"https:\/\/acero304.com\/eshop\/wp-json\/wp\/v2\/types\/product"}],"replies":[{"embeddable":true,"href":"https:\/\/acero304.com\/eshop\/wp-json\/wp\/v2\/comments?post=2604"}],"wp:featuredmedia":[{"embeddable":true,"href":"https:\/\/acero304.com\/eshop\/wp-json\/wp\/v2\/media\/2450"}],"wp:attachment":[{"href":"https:\/\/acero304.com\/eshop\/wp-json\/wp\/v2\/media?parent=2604"}],"wp:term":[{"taxonomy":"product_brand","embeddable":true,"href":"https:\/\/acero304.com\/eshop\/wp-json\/wp\/v2\/product_brand?post=2604"},{"taxonomy":"product_cat","embeddable":true,"href":"https:\/\/acero304.com\/eshop\/wp-json\/wp\/v2\/product_cat?post=2604"},{"taxonomy":"product_tag","embeddable":true,"href":"https:\/\/acero304.com\/eshop\/wp-json\/wp\/v2\/product_tag?post=2604"}],"curies":[{"name":"wp","href":"https:\/\/api.w.org\/{rel}","templated":true}]}}