{"id":2751,"date":"2024-04-06T01:10:19","date_gmt":"2024-04-06T01:10:19","guid":{"rendered":"https:\/\/acero304.com\/eshop\/?post_type=product&#038;p=2751"},"modified":"2025-05-19T16:51:55","modified_gmt":"2025-05-19T16:51:55","slug":"lenadora-para-liquidos","status":"publish","type":"product","link":"https:\/\/acero304.com\/eshop\/producto\/lenadora-para-liquidos\/","title":{"rendered":"Tapadora para botella de vino con corcho"},"content":{"rendered":"<section id=\"shopify-section-template--16167653310630__main\" class=\"shopify-section product-section spaced-section shopify-section--reveal\">\n<div class=\"custom-spaced #section @color-scheme:default \">\n<div class=\"#section-body section-body-custom\">\n<div class=\"#grid @strict \">\n<div class=\"#column @span:6 @span:mobile:12\">\n<div class=\" #product-meta @align:left @color-scheme:default \">\n<div class=\"#product-meta-inner sticky-top\">\n<div class=\"#product-meta-block @type:description \">\n<div class=\"#rte @text-size:sm\"><main id=\"MainContent\" class=\"content-for-layout focus-none\" tabindex=\"-1\" role=\"main\"><\/p>\n<section id=\"shopify-section-template--16167653310630__main\" class=\"shopify-section product-section spaced-section shopify-section--reveal\">\n<div class=\"custom-spaced\n        #section \n\n        @color-scheme:default\n    \"><\/p>\n<div class=\"#section-body section-body-custom\">\n<div class=\"#grid @strict \">\n<div class=\"#column @span:6 @span:mobile:12\">\n<div class=\"\n  #product-meta\n  @align:left\n  @color-scheme:default\n\n\"><\/p>\n<div class=\"#product-meta-inner sticky-top\">\n<div class=\"#product-meta-block @type:description \">\n<div class=\"#rte @text-size:sm\">\n<h3 style=\"font-weight: 500;\"><strong style=\"font-weight: 700 !important;\" data-spm-anchor-id=\"a2g0o.detail.1000023.i0.418e18996bKdAy\">DESCRIPCI\u00d3N<\/strong><\/h3>\n<p style=\"font-weight: 400;\">Esta m\u00e1quina puede insertar corchos de manera semiautimatica y presiona el corcho en la botella de vino. Es ampliamente utilizado en las industrias de alimentos y bebidas. Tenemos una soluci\u00f3n completa para la l\u00ednea de producci\u00f3n automatizada.<\/p>\n<h3 style=\"font-weight: 500;\"><strong style=\"font-weight: 700 !important;\">USO<\/strong><\/h3>\n<p style=\"font-weight: 400;\">Esta m\u00e1quina es adecuada para prensar corchos para vino, vino tinto, etc.<\/p>\n<h3 style=\"font-weight: 500;\"><strong style=\"font-weight: 700 !important;\">PAR\u00c1METRO<\/strong><\/h3>\n<table style=\"font-weight: 400;\">\n<tbody>\n<tr>\n<td width=\"277\">\n<p style=\"font-weight: 400;\"><strong style=\"font-weight: 700 !important;\">Modelo del Producto<\/strong><\/p>\n<\/td>\n<td width=\"277\">\n<p style=\"font-weight: 400;\"><strong style=\"font-weight: 700 !important;\"><span>ZS-XGDSJ1<\/span><\/strong><\/p>\n<\/td>\n<\/tr>\n<tr>\n<td width=\"277\">\n<p style=\"font-weight: 400;\"><strong style=\"font-weight: 700 !important;\">Altura de botella aplicable<\/strong><\/p>\n<\/td>\n<td width=\"277\">\n<p style=\"font-weight: 400;\"><span>60-360 mil\u00edmetros<\/span><\/p>\n<\/td>\n<\/tr>\n<tr>\n<td width=\"277\">\n<p style=\"font-weight: 400;\"><strong style=\"font-weight: 700 !important;\">Di\u00e1metro de la boca de la botella<\/strong><\/p>\n<\/td>\n<td width=\"277\">\n<p style=\"font-weight: 400;\"><span>F15-25mm<\/span><\/p>\n<p style=\"font-weight: 400;\">(Cont\u00e1ctenos antes de ordenar)<\/p>\n<\/td>\n<\/tr>\n<tr>\n<td width=\"277\">\n<p style=\"font-weight: 400;\"><strong style=\"font-weight: 700 !important;\">Eficiencia de producci\u00f3n<\/strong><\/p>\n<\/td>\n<td width=\"277\">\n<p style=\"font-weight: 400;\">1200-1500 botellas\/hora<\/p>\n<\/td>\n<\/tr>\n<tr>\n<td width=\"277\">\n<p style=\"font-weight: 400;\"><strong style=\"font-weight: 700 !important;\">Fuerza de motor<\/strong><\/p>\n<\/td>\n<td width=\"277\">\n<p style=\"font-weight: 400;\"><span>0,75kW<\/span><\/p>\n<\/td>\n<\/tr>\n<tr>\n<td width=\"277\">\n<p style=\"font-weight: 400;\"><strong style=\"font-weight: 700 !important;\">Voltaje<\/strong><\/p>\n<\/td>\n<td width=\"277\">\n<p style=\"font-weight: 400;\"><span>110V\/220V\/380V<\/span><\/p>\n<\/td>\n<\/tr>\n<tr>\n<td width=\"277\">\n<p style=\"font-weight: 400;\"><strong style=\"font-weight: 700 !important;\">Velocidad del motor<\/strong><\/p>\n<\/td>\n<td width=\"277\">\n<p style=\"font-weight: 400;\"><span>145 rpm<\/span><\/p>\n<\/td>\n<\/tr>\n<tr>\n<td width=\"277\">\n<p style=\"font-weight: 400;\"><strong style=\"font-weight: 700 !important;\">Frecuencia<\/strong><\/p>\n<\/td>\n<td width=\"277\">\n<p style=\"font-weight: 400;\"><span>50Hz<\/span><\/p>\n<\/td>\n<\/tr>\n<tr>\n<td width=\"277\">\n<p style=\"font-weight: 400;\"><strong style=\"font-weight: 700 !important;\">Peso de la m\u00e1quina<\/strong><\/p>\n<\/td>\n<td width=\"277\">\n<p style=\"font-weight: 400;\"><span>130kg<\/span><\/p>\n<\/td>\n<\/tr>\n<tr>\n<td width=\"277\">\n<p style=\"font-weight: 400;\"><strong style=\"font-weight: 700 !important;\">Dimensiones<\/strong><\/p>\n<\/td>\n<td width=\"277\">\n<p style=\"font-weight: 400;\"><span>650*250*1150*mm<\/span><\/p>\n<\/td>\n<\/tr>\n<\/tbody>\n<\/table>\n<p>&nbsp;<\/p>\n<p><img data-recalc-dims=\"1\" decoding=\"async\" src=\"https:\/\/i0.wp.com\/ae01.alicdn.com\/kf\/S405d0a9c4cc14600860f34999ca20510T.jpg?ssl=1\" \/><img data-recalc-dims=\"1\" decoding=\"async\" src=\"https:\/\/i0.wp.com\/ae01.alicdn.com\/kf\/S350f544db39941e4b590f6c1abab37f2I.jpg?ssl=1\" \/><img data-recalc-dims=\"1\" decoding=\"async\" src=\"https:\/\/i0.wp.com\/ae01.alicdn.com\/kf\/S5214cb7988c14ffaa9d332d0291b26577.png?ssl=1\" \/><img data-recalc-dims=\"1\" decoding=\"async\" src=\"https:\/\/i0.wp.com\/ae01.alicdn.com\/kf\/Sba06c73f8742450eb41aecbf9b9d93e4Q.jpg?ssl=1\" \/><img data-recalc-dims=\"1\" decoding=\"async\" src=\"https:\/\/i0.wp.com\/ae01.alicdn.com\/kf\/S2bc0dc64147d4dbdb3b745a1fbac0e7bY.jpg?ssl=1\" \/><img data-recalc-dims=\"1\" decoding=\"async\" src=\"https:\/\/i0.wp.com\/ae01.alicdn.com\/kf\/Sc4719326e5e0443eab3bd3e5ea0f9260i.jpg?ssl=1\" \/><img data-recalc-dims=\"1\" decoding=\"async\" src=\"https:\/\/i0.wp.com\/ae01.alicdn.com\/kf\/S0b3e0ed2bae948dd921b3b3eb75952002.jpg?ssl=1\" \/><img data-recalc-dims=\"1\" decoding=\"async\" src=\"https:\/\/i0.wp.com\/ae01.alicdn.com\/kf\/S95fc66d1915e4e119a67d057d89c7356w.jpg?ssl=1\" \/><\/p>\n<\/div>\n<\/div>\n<\/div>\n<\/div>\n<\/div>\n<\/div>\n<\/div>\n<\/div>\n<\/section>\n<p><\/main><\/div>\n<\/div>\n<\/div>\n<\/div>\n<\/div>\n<\/div>\n<\/div>\n<\/div>\n<\/section>\n","protected":false},"excerpt":{"rendered":"<p>(VALOR EXPRESADO EN DOLARES A\u00a0 TIPO DE CAMBIO OFICIAL DEL BANCO NACION ARGENTINA.)<\/p>\n<p><strong>FORMA DE PAGO:<\/strong><\/p>\n<p>50% SE\u00d1A Y 50% CONTRA ENTREGA.<\/p>\n<p>TIEMPO DE ENTREGA 90\/120 DIAS.<\/p>\n","protected":false},"featured_media":2755,"comment_status":"closed","ping_status":"closed","template":"","meta":{"site-sidebar-layout":"default","site-content-layout":"default","ast-site-content-layout":"default","site-content-style":"default","site-sidebar-style":"default","ast-global-header-display":"","ast-banner-title-visibility":"","ast-main-header-display":"","ast-hfb-above-header-display":"","ast-hfb-below-header-display":"","ast-hfb-mobile-header-display":"","site-post-title":"","ast-breadcrumbs-content":"","ast-featured-img":"","footer-sml-layout":"","ast-disable-related-posts":"","theme-transparent-header-meta":"default","adv-header-id-meta":"","stick-header-meta":"","header-above-stick-meta":"","header-main-stick-meta":"","header-below-stick-meta":"","astra-migrate-meta-layouts":"default","ast-page-background-enabled":"default","ast-page-background-meta":{"desktop":{"background-color":"","background-image":"","background-repeat":"repeat","background-position":"center center","background-size":"auto","background-attachment":"scroll","background-type":"","background-media":"","overlay-type":"","overlay-color":"","overlay-opacity":"","overlay-gradient":""},"tablet":{"background-color":"","background-image":"","background-repeat":"repeat","background-position":"center center","background-size":"auto","background-attachment":"scroll","background-type":"","background-media":"","overlay-type":"","overlay-color":"","overlay-opacity":"","overlay-gradient":""},"mobile":{"background-color":"","background-image":"","background-repeat":"repeat","background-position":"center center","background-size":"auto","background-attachment":"scroll","background-type":"","background-media":"","overlay-type":"","overlay-color":"","overlay-opacity":"","overlay-gradient":""}},"ast-content-background-meta":{"desktop":{"background-color":"var(--ast-global-color-5)","background-image":"","background-repeat":"repeat","background-position":"center center","background-size":"auto","background-attachment":"scroll","background-type":"","background-media":"","overlay-type":"","overlay-color":"","overlay-opacity":"","overlay-gradient":""},"tablet":{"background-color":"var(--ast-global-color-5)","background-image":"","background-repeat":"repeat","background-position":"center center","background-size":"auto","background-attachment":"scroll","background-type":"","background-media":"","overlay-type":"","overlay-color":"","overlay-opacity":"","overlay-gradient":""},"mobile":{"background-color":"var(--ast-global-color-5)","background-image":"","background-repeat":"repeat","background-position":"center center","background-size":"auto","background-attachment":"scroll","background-type":"","background-media":"","overlay-type":"","overlay-color":"","overlay-opacity":"","overlay-gradient":""}}},"product_brand":[],"product_cat":[43,112],"product_tag":[27,28,26,29,25],"class_list":{"0":"post-2751","1":"product","2":"type-product","3":"status-publish","4":"has-post-thumbnail","6":"product_cat-500-litros","7":"product_cat-tapadoras","8":"product_tag-acero-304","9":"product_tag-acero304","10":"product_tag-brewing","11":"product_tag-cerveza-artesanal","12":"product_tag-home-brewing","13":"desktop-align-center","14":"tablet-align-center","15":"mobile-align-center","17":"first","18":"onbackorder","19":"featured","20":"shipping-taxable","21":"product-type-simple"},"jetpack_sharing_enabled":true,"_links":{"self":[{"href":"https:\/\/acero304.com\/eshop\/wp-json\/wp\/v2\/product\/2751","targetHints":{"allow":["GET"]}}],"collection":[{"href":"https:\/\/acero304.com\/eshop\/wp-json\/wp\/v2\/product"}],"about":[{"href":"https:\/\/acero304.com\/eshop\/wp-json\/wp\/v2\/types\/product"}],"replies":[{"embeddable":true,"href":"https:\/\/acero304.com\/eshop\/wp-json\/wp\/v2\/comments?post=2751"}],"wp:featuredmedia":[{"embeddable":true,"href":"https:\/\/acero304.com\/eshop\/wp-json\/wp\/v2\/media\/2755"}],"wp:attachment":[{"href":"https:\/\/acero304.com\/eshop\/wp-json\/wp\/v2\/media?parent=2751"}],"wp:term":[{"taxonomy":"product_brand","embeddable":true,"href":"https:\/\/acero304.com\/eshop\/wp-json\/wp\/v2\/product_brand?post=2751"},{"taxonomy":"product_cat","embeddable":true,"href":"https:\/\/acero304.com\/eshop\/wp-json\/wp\/v2\/product_cat?post=2751"},{"taxonomy":"product_tag","embeddable":true,"href":"https:\/\/acero304.com\/eshop\/wp-json\/wp\/v2\/product_tag?post=2751"}],"curies":[{"name":"wp","href":"https:\/\/api.w.org\/{rel}","templated":true}]}}