{"id":2753,"date":"2024-04-06T01:21:16","date_gmt":"2024-04-06T01:21:16","guid":{"rendered":"https:\/\/acero304.com\/eshop\/?post_type=product&#038;p=2753"},"modified":"2025-04-04T16:30:33","modified_gmt":"2025-04-04T16:30:33","slug":"lenadora-para-liquidos-2","status":"publish","type":"product","link":"https:\/\/acero304.com\/eshop\/producto\/lenadora-para-liquidos-2\/","title":{"rendered":"Llenadora para liquidos"},"content":{"rendered":"<section id=\"shopify-section-template--16167653310630__main\" class=\"shopify-section product-section spaced-section shopify-section--reveal\">\n<div class=\"custom-spaced #section @color-scheme:default \">\n<div class=\"#section-body section-body-custom\">\n<div class=\"#grid @strict \">\n<div class=\"#column @span:6 @span:mobile:12\">\n<div class=\" #product-meta @align:left @color-scheme:default \">\n<div class=\"#product-meta-inner sticky-top\">\n<div class=\"#product-meta-block @type:description \">\n<div class=\"#rte @text-size:sm\">\n<h2 style=\"font-weight: 400;\"><strong style=\"font-weight: 700 !important;\" data-spm-anchor-id=\"a2g0o.detail.1000023.i1.4c815046jmuCyu\">DESCRIPCI\u00d3N<\/strong><\/h2>\n<p style=\"font-weight: 400;\">Con sensores inteligentes, esta m\u00e1quina puede llenar l\u00edquido autom\u00e1ticamente y detenerse cuando la botella est\u00e1 llena.\u00a0Puede llenar 375 ml de vino tinto en 5 segundos.\u00a0Es ampliamente utilizado en las industrias de alimentos y bebidas. Tenemos una soluci\u00f3n completa para la l\u00ednea de producci\u00f3n automatizada.<\/p>\n<h2 style=\"font-weight: 400;\"><strong style=\"font-weight: 700 !important;\">USO<\/strong><\/h2>\n<p style=\"font-weight: 400;\">Esta m\u00e1quina es adecuada para llenar l\u00edquidos como vino, salsa de soja, aceite de oliva, Baijiu, etc.<\/p>\n<h2 style=\"font-weight: 400;\"><strong style=\"font-weight: 700 !important;\">PAR\u00c1METRO<\/strong><\/h2>\n<table width=\"737\">\n<tbody>\n<tr>\n<td width=\"362\">\n<p data-spm-anchor-id=\"a2g0o.detail.1000023.i0.1cd07efc53a9ec\"><strong>Modelo del Producto<\/strong><\/p>\n<\/td>\n<td width=\"375\"><strong>ZS-RWGFP4<\/strong><\/td>\n<\/tr>\n<tr>\n<td width=\"362\"><strong>Potencia nominal<\/strong><\/td>\n<td width=\"375\">0.37kw (con bomba)<\/td>\n<\/tr>\n<tr>\n<td width=\"362\"><strong>Peso de la m\u00e1quina<\/strong><\/td>\n<td width=\"375\">35kg<\/td>\n<\/tr>\n<tr>\n<td width=\"362\"><strong>Capacidad de producci\u00f3n<\/strong><\/td>\n<td width=\"375\">500-1000 botellas\/hora<\/td>\n<\/tr>\n<tr>\n<td width=\"362\"><strong>Altura de la botella<\/strong><\/td>\n<td width=\"375\">160-350 mil\u00edmetros<\/td>\n<\/tr>\n<tr>\n<td width=\"362\"><strong>Di\u00e1metro del cuerpo de la botella<\/strong><\/td>\n<td width=\"375\">60-100 mil\u00edmetros<\/td>\n<\/tr>\n<tr>\n<td width=\"362\"><strong>Apertura de botella<\/strong><\/td>\n<td width=\"375\">Di\u00e1metro interior\u226516mm<\/td>\n<\/tr>\n<tr>\n<td width=\"362\"><strong>Tama\u00f1o<\/strong><\/td>\n<td width=\"375\">610*550*1050mm<\/td>\n<\/tr>\n<tr>\n<td width=\"362\"><strong>Peso neto<\/strong><\/td>\n<td width=\"375\">45kg<\/td>\n<\/tr>\n<tr>\n<td width=\"362\"><strong>Tama\u00f1o del paquete<\/strong><\/td>\n<td width=\"375\">Aproximadamente 710*580*1160mm<\/td>\n<\/tr>\n<tr>\n<td width=\"362\"><strong>Peso del paquete<\/strong><\/td>\n<td width=\"375\">alrededor de 50 kg<\/td>\n<\/tr>\n<\/tbody>\n<\/table>\n<p><img data-recalc-dims=\"1\" decoding=\"async\" src=\"https:\/\/i0.wp.com\/ae01.alicdn.com\/kf\/S610d39a8d49c4c5c8559c0062b06fc77O.jpg?ssl=1\" \/><img data-recalc-dims=\"1\" decoding=\"async\" src=\"https:\/\/i0.wp.com\/ae01.alicdn.com\/kf\/Sd944fef3bcce4734b909aab46610ff9aM.jpg?ssl=1\" \/><\/p>\n<p>&nbsp;<\/p>\n<p>&nbsp;<\/p>\n<h1>DETALLES DE PRODUCTO<\/h1>\n<p><img data-recalc-dims=\"1\" decoding=\"async\" src=\"https:\/\/i0.wp.com\/ae01.alicdn.com\/kf\/S735e4349ba4e46eba3915e2b37ec93a39.jpg?ssl=1\" \/><\/p>\n<h2>CABEZAL DE LLENADO<\/h2>\n<h3>Dise\u00f1o de cuatro cabezales, carcasa de acero inoxidable, estable y duradero. Alta eficiencia de trabajo, alta precisi\u00f3n y sistema antigoteo.<\/h3>\n<p>&nbsp;<\/p>\n<p><img data-recalc-dims=\"1\" decoding=\"async\" src=\"https:\/\/i0.wp.com\/ae01.alicdn.com\/kf\/Sd61730c387564ea498b8e02a08edbd45B.jpg?ssl=1\" \/><\/p>\n<h2>EL TUBO<\/h2>\n<h3>370 W, 2860 r\/min, caudal m\u00e1ximo: 2,73 m3\/h, resistente al calor y duradero.<\/h3>\n<h3><\/h3>\n<h3><img data-recalc-dims=\"1\" decoding=\"async\" src=\"https:\/\/i0.wp.com\/ae01.alicdn.com\/kf\/S38296e4b2a254e19894f278e4d1f48b1c.jpg?ssl=1\" \/><\/h3>\n<h2>BANDEJA AJUSTABLE<\/h2>\n<h3>La bandeja de acero inoxidable engrosada y ajustable en altura es adecuada para botellas de diferentes alturas.<\/h3>\n<p>&nbsp;<\/p>\n<p><img data-recalc-dims=\"1\" decoding=\"async\" src=\"https:\/\/i0.wp.com\/ae01.alicdn.com\/kf\/S7aae7810965543d49577bf5b241d3916y.jpg?ssl=1\" \/><\/p>\n<h2>NIVEL DE AGUA<\/h2>\n<h3>F\u00e1cil de ver el nivel del agua en el tanque, con 2 sensores de nivel.<\/h3>\n<p>&nbsp;<\/p>\n<p><img data-recalc-dims=\"1\" decoding=\"async\" src=\"https:\/\/i0.wp.com\/ae01.alicdn.com\/kf\/S6b2e51a8aee340acb9e0581f08ff9783j.jpg?ssl=1\" data-spm-anchor-id=\"a2g0o.detail.1000023.i5.4c815046jmuCyu\" \/><img data-recalc-dims=\"1\" decoding=\"async\" src=\"https:\/\/i0.wp.com\/ae01.alicdn.com\/kf\/S7c605b28482b411eaba4c87575b88df8K.jpg?ssl=1\" \/><img data-recalc-dims=\"1\" decoding=\"async\" src=\"https:\/\/i0.wp.com\/ae01.alicdn.com\/kf\/S53f998f7b42a49cb9a3db8aeadd78c6bL.jpg?ssl=1\" \/><\/p>\n<\/div>\n<\/div>\n<\/div>\n<\/div>\n<\/div>\n<\/div>\n<\/div>\n<\/div>\n<\/section>\n<section id=\"shopify-section-template--16167653310630__product-recommendations\" class=\"shopify-section spaced-section shopify-section--reveal\">\n<div class=\"custom-spaced #section @spaced @color-scheme:default \">\n<div class=\"#section-body section-body-custom\">\n<div class=\"#grid @container @mobile-overlap @columns:4 @gap:md\">\n<div class=\"#column reveal-animate\">\n<div class=\"#product-card @align:left\">\n<div class=\"#product-card-badges\">\n<div class=\"#product-badges hide-loading\"><\/div>\n<\/div>\n<div class=\"#product-card-media \">\n<div class=\"#product-card-media-front\">\n<figure class=\" #media @aspect-ratio:1x1 \">\n<div class=\" #media-image-wrapper @abs-image \"><\/div>\n<\/figure>\n<\/div>\n<\/div>\n<div class=\"#product-card-info\">\n<h5 class=\"#product-card-title\"><\/h5>\n<\/div>\n<\/div>\n<\/div>\n<\/div>\n<\/div>\n<\/div>\n<\/section>\n","protected":false},"excerpt":{"rendered":"<p>(VALOR EXPRESADO EN DOLARES A\u00a0 TIPO DE CAMBIO OFICIAL DEL BANCO NACION ARGENTINA.)<\/p>\n<p><strong>FORMA DE PAGO:<\/strong><\/p>\n<p>50% SE\u00d1A Y 50% CONTRA ENTREGA.<\/p>\n<p>TIEMPO DE ENTREGA 90\/120 DIAS.<\/p>\n","protected":false},"featured_media":2752,"comment_status":"closed","ping_status":"closed","template":"","meta":{"site-sidebar-layout":"default","site-content-layout":"default","ast-site-content-layout":"default","site-content-style":"default","site-sidebar-style":"default","ast-global-header-display":"","ast-banner-title-visibility":"","ast-main-header-display":"","ast-hfb-above-header-display":"","ast-hfb-below-header-display":"","ast-hfb-mobile-header-display":"","site-post-title":"","ast-breadcrumbs-content":"","ast-featured-img":"","footer-sml-layout":"","ast-disable-related-posts":"","theme-transparent-header-meta":"default","adv-header-id-meta":"","stick-header-meta":"","header-above-stick-meta":"","header-main-stick-meta":"","header-below-stick-meta":"","astra-migrate-meta-layouts":"default","ast-page-background-enabled":"default","ast-page-background-meta":{"desktop":{"background-color":"","background-image":"","background-repeat":"repeat","background-position":"center center","background-size":"auto","background-attachment":"scroll","background-type":"","background-media":"","overlay-type":"","overlay-color":"","overlay-opacity":"","overlay-gradient":""},"tablet":{"background-color":"","background-image":"","background-repeat":"repeat","background-position":"center center","background-size":"auto","background-attachment":"scroll","background-type":"","background-media":"","overlay-type":"","overlay-color":"","overlay-opacity":"","overlay-gradient":""},"mobile":{"background-color":"","background-image":"","background-repeat":"repeat","background-position":"center center","background-size":"auto","background-attachment":"scroll","background-type":"","background-media":"","overlay-type":"","overlay-color":"","overlay-opacity":"","overlay-gradient":""}},"ast-content-background-meta":{"desktop":{"background-color":"var(--ast-global-color-5)","background-image":"","background-repeat":"repeat","background-position":"center center","background-size":"auto","background-attachment":"scroll","background-type":"","background-media":"","overlay-type":"","overlay-color":"","overlay-opacity":"","overlay-gradient":""},"tablet":{"background-color":"var(--ast-global-color-5)","background-image":"","background-repeat":"repeat","background-position":"center center","background-size":"auto","background-attachment":"scroll","background-type":"","background-media":"","overlay-type":"","overlay-color":"","overlay-opacity":"","overlay-gradient":""},"mobile":{"background-color":"var(--ast-global-color-5)","background-image":"","background-repeat":"repeat","background-position":"center center","background-size":"auto","background-attachment":"scroll","background-type":"","background-media":"","overlay-type":"","overlay-color":"","overlay-opacity":"","overlay-gradient":""}}},"product_brand":[],"product_cat":[43,111],"product_tag":[27,28,26,29,25],"class_list":{"0":"post-2753","1":"product","2":"type-product","3":"status-publish","4":"has-post-thumbnail","6":"product_cat-500-litros","7":"product_cat-llenadoras","8":"product_tag-acero-304","9":"product_tag-acero304","10":"product_tag-brewing","11":"product_tag-cerveza-artesanal","12":"product_tag-home-brewing","13":"desktop-align-center","14":"tablet-align-center","15":"mobile-align-center","17":"first","18":"onbackorder","19":"featured","20":"shipping-taxable","21":"product-type-simple"},"jetpack_sharing_enabled":true,"_links":{"self":[{"href":"https:\/\/acero304.com\/eshop\/wp-json\/wp\/v2\/product\/2753","targetHints":{"allow":["GET"]}}],"collection":[{"href":"https:\/\/acero304.com\/eshop\/wp-json\/wp\/v2\/product"}],"about":[{"href":"https:\/\/acero304.com\/eshop\/wp-json\/wp\/v2\/types\/product"}],"replies":[{"embeddable":true,"href":"https:\/\/acero304.com\/eshop\/wp-json\/wp\/v2\/comments?post=2753"}],"wp:featuredmedia":[{"embeddable":true,"href":"https:\/\/acero304.com\/eshop\/wp-json\/wp\/v2\/media\/2752"}],"wp:attachment":[{"href":"https:\/\/acero304.com\/eshop\/wp-json\/wp\/v2\/media?parent=2753"}],"wp:term":[{"taxonomy":"product_brand","embeddable":true,"href":"https:\/\/acero304.com\/eshop\/wp-json\/wp\/v2\/product_brand?post=2753"},{"taxonomy":"product_cat","embeddable":true,"href":"https:\/\/acero304.com\/eshop\/wp-json\/wp\/v2\/product_cat?post=2753"},{"taxonomy":"product_tag","embeddable":true,"href":"https:\/\/acero304.com\/eshop\/wp-json\/wp\/v2\/product_tag?post=2753"}],"curies":[{"name":"wp","href":"https:\/\/api.w.org\/{rel}","templated":true}]}}