{"id":2868,"date":"2024-09-10T02:16:49","date_gmt":"2024-09-10T02:16:49","guid":{"rendered":"https:\/\/acero304.com\/eshop\/?post_type=product&#038;p=2868"},"modified":"2024-09-10T02:20:26","modified_gmt":"2024-09-10T02:20:26","slug":"tanque-de-fermentacion-de-vino-de-1000-l","status":"publish","type":"product","link":"https:\/\/acero304.com\/eshop\/producto\/tanque-de-fermentacion-de-vino-de-1000-l\/","title":{"rendered":"Tanque de fermentaci\u00f3n de vino de 1000 L"},"content":{"rendered":"<p>Los tanques de fermentaci\u00f3n de vino son recipientes utilizados en la producci\u00f3n de vino, que es una bebida alcoh\u00f3lica elaborada a partir de uvas fermentadas.<\/p>\n<p><strong>Especificaci\u00f3nes<\/strong><\/p>\n<p>1. Acero inoxidable 304 o 316;<br \/>\n2. Est\u00e1n disponibles con camisa de enfriamiento con plataforma de hoyuelos o con canales de enfriamiento en espiral;<br \/>\n3. Tapa c\u00f3nica superior;<br \/>\n4. Con term\u00f3metro de temperatura PT 100;<br \/>\n5. Con v\u00e1lvula de muestra;<br \/>\n6. Con salida y entrada de refrigerante;<br \/>\n7. Con bandeja;<br \/>\n8. Si lo requiere, el tanque puede tener aislamiento de PU.<br \/>\n9. V\u00e1lvula de trasiego y v\u00e1lvula de drenaje;<br \/>\n10. Levante la orejeta;<br \/>\n11. Con puerta lateral;<br \/>\n12. Superficie exterior: superficie interior y cepillada pulida: 2B;<br \/>\n13. Fondo con pendiente;<br \/>\n14. Con pierna de apoyo y tirantes.<\/p>\n","protected":false},"excerpt":{"rendered":"<p>Producto Importado.<\/p>\n<p>Consultar forma de pago.<\/p>\n<p>IVA Incluido.<\/p>\n<p>TIEMPO DE ENTREGA 120 DIAS APROXIMADOS.<\/p>\n","protected":false},"featured_media":2869,"comment_status":"closed","ping_status":"closed","template":"","meta":{"site-sidebar-layout":"default","site-content-layout":"default","ast-site-content-layout":"default","site-content-style":"default","site-sidebar-style":"default","ast-global-header-display":"","ast-banner-title-visibility":"","ast-main-header-display":"","ast-hfb-above-header-display":"","ast-hfb-below-header-display":"","ast-hfb-mobile-header-display":"","site-post-title":"","ast-breadcrumbs-content":"","ast-featured-img":"","footer-sml-layout":"","ast-disable-related-posts":"","theme-transparent-header-meta":"default","adv-header-id-meta":"","stick-header-meta":"","header-above-stick-meta":"","header-main-stick-meta":"","header-below-stick-meta":"","astra-migrate-meta-layouts":"set","ast-page-background-enabled":"default","ast-page-background-meta":{"desktop":{"background-color":"","background-image":"","background-repeat":"repeat","background-position":"center center","background-size":"auto","background-attachment":"scroll","background-type":"","background-media":"","overlay-type":"","overlay-color":"","overlay-opacity":"","overlay-gradient":""},"tablet":{"background-color":"","background-image":"","background-repeat":"repeat","background-position":"center center","background-size":"auto","background-attachment":"scroll","background-type":"","background-media":"","overlay-type":"","overlay-color":"","overlay-opacity":"","overlay-gradient":""},"mobile":{"background-color":"","background-image":"","background-repeat":"repeat","background-position":"center center","background-size":"auto","background-attachment":"scroll","background-type":"","background-media":"","overlay-type":"","overlay-color":"","overlay-opacity":"","overlay-gradient":""}},"ast-content-background-meta":{"desktop":{"background-color":"var(--ast-global-color-5)","background-image":"","background-repeat":"repeat","background-position":"center center","background-size":"auto","background-attachment":"scroll","background-type":"","background-media":"","overlay-type":"","overlay-color":"","overlay-opacity":"","overlay-gradient":""},"tablet":{"background-color":"var(--ast-global-color-5)","background-image":"","background-repeat":"repeat","background-position":"center center","background-size":"auto","background-attachment":"scroll","background-type":"","background-media":"","overlay-type":"","overlay-color":"","overlay-opacity":"","overlay-gradient":""},"mobile":{"background-color":"var(--ast-global-color-5)","background-image":"","background-repeat":"repeat","background-position":"center center","background-size":"auto","background-attachment":"scroll","background-type":"","background-media":"","overlay-type":"","overlay-color":"","overlay-opacity":"","overlay-gradient":""}}},"product_brand":[],"product_cat":[116,42,118,64],"product_tag":[27,28,26,29,46,47,52,67,25,66,51,69,68,65],"class_list":{"0":"post-2868","1":"product","2":"type-product","3":"status-publish","4":"has-post-thumbnail","6":"product_cat-fermentadores","7":"product_cat-industrial","8":"product_cat-maduradores-y-guarda","9":"product_cat-tanque-para-vino","10":"product_tag-acero-304","11":"product_tag-acero304","12":"product_tag-brewing","13":"product_tag-cerveza-artesanal","14":"product_tag-equipo-cervecero","15":"product_tag-fabrica-de-cerveza","16":"product_tag-fermentador","17":"product_tag-guarda-de-vino","18":"product_tag-home-brewing","19":"product_tag-madurador-de-vino","20":"product_tag-nano-fermentador","21":"product_tag-tanque-acero-inoxidable","22":"product_tag-tanques-para-vino","23":"product_tag-vino","24":"desktop-align-center","25":"tablet-align-center","26":"mobile-align-center","28":"first","29":"onbackorder","30":"featured","31":"shipping-taxable","32":"product-type-simple"},"jetpack_sharing_enabled":true,"_links":{"self":[{"href":"https:\/\/acero304.com\/eshop\/wp-json\/wp\/v2\/product\/2868","targetHints":{"allow":["GET"]}}],"collection":[{"href":"https:\/\/acero304.com\/eshop\/wp-json\/wp\/v2\/product"}],"about":[{"href":"https:\/\/acero304.com\/eshop\/wp-json\/wp\/v2\/types\/product"}],"replies":[{"embeddable":true,"href":"https:\/\/acero304.com\/eshop\/wp-json\/wp\/v2\/comments?post=2868"}],"wp:featuredmedia":[{"embeddable":true,"href":"https:\/\/acero304.com\/eshop\/wp-json\/wp\/v2\/media\/2869"}],"wp:attachment":[{"href":"https:\/\/acero304.com\/eshop\/wp-json\/wp\/v2\/media?parent=2868"}],"wp:term":[{"taxonomy":"product_brand","embeddable":true,"href":"https:\/\/acero304.com\/eshop\/wp-json\/wp\/v2\/product_brand?post=2868"},{"taxonomy":"product_cat","embeddable":true,"href":"https:\/\/acero304.com\/eshop\/wp-json\/wp\/v2\/product_cat?post=2868"},{"taxonomy":"product_tag","embeddable":true,"href":"https:\/\/acero304.com\/eshop\/wp-json\/wp\/v2\/product_tag?post=2868"}],"curies":[{"name":"wp","href":"https:\/\/api.w.org\/{rel}","templated":true}]}}