{"id":2870,"date":"2024-09-10T02:21:28","date_gmt":"2024-09-10T02:21:28","guid":{"rendered":"https:\/\/acero304.com\/eshop\/?post_type=product&#038;p=2870"},"modified":"2024-09-10T02:34:42","modified_gmt":"2024-09-10T02:34:42","slug":"tanque-fermentador-de-vino-blanco-3000-l","status":"publish","type":"product","link":"https:\/\/acero304.com\/eshop\/producto\/tanque-fermentador-de-vino-blanco-3000-l\/","title":{"rendered":"Tanque de vino con mezclador"},"content":{"rendered":"<p>Ideales para la fermentaci\u00f3n de sidra con sistema de agitacion son recipientes utilizados en la producci\u00f3n de sidra, que es una bebida alcoh\u00f3lica elaborada a partir del jugo fermentado de manzanas. El proceso de fermentaci\u00f3n de la sidra es similar al de la cerveza, donde se a\u00f1ade levadura al jugo para convertir los az\u00facares naturales en alcohol.<\/p>\n<p><strong>Especificaci\u00f3nes<\/strong><\/p>\n<p>1. Configuraci\u00f3n completa, nueva y de alta calidad.<br \/>\n2. Selecci\u00f3n de sistemas auxiliares de marcas l\u00edderes e importadas.<br \/>\n3. Los sistemas auxiliares son de larga duraci\u00f3n, alto rendimiento, alta calidad y bajas p\u00e9rdidas.<br \/>\n4. Material de acero inoxidable certificado (304,316) para todos los tanques.<br \/>\n5. Los accesorios el\u00e9ctricos cumplen con los mejores est\u00e1ndares de importacion UL, cUL, CE, PED.<br \/>\n6. El voltaje y la frecuencia del sistema auxiliar de soporte coinciden exactamente con su est\u00e1ndar para cada litraje requerido.<\/p>\n<p>7.Nuevas t\u00e9cnicas de producci\u00f3n.<br \/>\n8. Calidad estable, alto rendimiento, estricto control de calidad.<br \/>\n9. Todos los equipos cuentan con uniones soldadas 100% TIG y pulido espejo.<\/p>\n<p>10.Dise\u00f1os CAD, asistencia en instalaci\u00f3n, montaje, formaci\u00f3n.<\/p>\n<p><strong>Especificaci\u00f3nes 2<\/strong><\/p>\n<p>1. Acero inoxidable 304 o 316;<br \/>\n2. Est\u00e1n disponibles con camisa de enfriamiento con plataforma de hoyuelos o con canales de enfriamiento en espiral;<br \/>\n3. Tapa c\u00f3nica superior;<br \/>\n4. Con term\u00f3metro de temperatura PT 100;<br \/>\n5. Con v\u00e1lvula de muestra;<br \/>\n6. Con salida y entrada de refrigerante;<br \/>\n7. Con tamiz;<br \/>\n8. Si lo requiere, el tanque puede tener aislamiento de PU.<br \/>\n9. V\u00e1lvula de trasiego y v\u00e1lvula de drenaje;<br \/>\n10. Levante la orejeta;<br \/>\n11. Con puerta lateral;<br \/>\n12. Superficie exterior: superficie interior y cepillada pulida: 2B;<br \/>\n13. Fondo de pendiente;<br \/>\n14. Con pierna de apoyo y tirantes.<\/p>\n<p><img data-recalc-dims=\"1\" loading=\"lazy\" decoding=\"async\" class=\"wp-image-2425 \" src=\"https:\/\/i0.wp.com\/www.nfebrew.com\/wp-content\/uploads\/2023\/06\/DSC_6488-199x300.jpg?resize=366%2C552\" sizes=\"auto, (max-width: 366px) 100vw, 366px\" srcset=\"https:\/\/www.nfebrew.com\/wp-content\/uploads\/2023\/06\/DSC_6488-199x300.jpg 199w, https:\/\/www.nfebrew.com\/wp-content\/uploads\/2023\/06\/DSC_6488-680x1024.jpg 680w, https:\/\/www.nfebrew.com\/wp-content\/uploads\/2023\/06\/DSC_6488-768x1156.jpg 768w, https:\/\/www.nfebrew.com\/wp-content\/uploads\/2023\/06\/DSC_6488-1020x1536.jpg 1020w, https:\/\/www.nfebrew.com\/wp-content\/uploads\/2023\/06\/DSC_6488-1360x2048.jpg 1360w, https:\/\/www.nfebrew.com\/wp-content\/uploads\/2023\/06\/DSC_6488-scaled.jpg 1700w\" alt=\"mixing tanks\" width=\"366\" height=\"552\" \/><\/p>\n","protected":false},"excerpt":{"rendered":"<p>Producto Importado.<\/p>\n<p>Consultar forma de pago.<\/p>\n<p>IVA Incluido.<\/p>\n<p>TIEMPO DE ENTREGA 120 DIAS APROXIMADOS.<\/p>\n","protected":false},"featured_media":2877,"comment_status":"closed","ping_status":"closed","template":"","meta":{"site-sidebar-layout":"default","site-content-layout":"default","ast-site-content-layout":"default","site-content-style":"default","site-sidebar-style":"default","ast-global-header-display":"","ast-banner-title-visibility":"","ast-main-header-display":"","ast-hfb-above-header-display":"","ast-hfb-below-header-display":"","ast-hfb-mobile-header-display":"","site-post-title":"","ast-breadcrumbs-content":"","ast-featured-img":"","footer-sml-layout":"","ast-disable-related-posts":"","theme-transparent-header-meta":"default","adv-header-id-meta":"","stick-header-meta":"","header-above-stick-meta":"","header-main-stick-meta":"","header-below-stick-meta":"","astra-migrate-meta-layouts":"set","ast-page-background-enabled":"default","ast-page-background-meta":{"desktop":{"background-color":"","background-image":"","background-repeat":"repeat","background-position":"center center","background-size":"auto","background-attachment":"scroll","background-type":"","background-media":"","overlay-type":"","overlay-color":"","overlay-opacity":"","overlay-gradient":""},"tablet":{"background-color":"","background-image":"","background-repeat":"repeat","background-position":"center center","background-size":"auto","background-attachment":"scroll","background-type":"","background-media":"","overlay-type":"","overlay-color":"","overlay-opacity":"","overlay-gradient":""},"mobile":{"background-color":"","background-image":"","background-repeat":"repeat","background-position":"center center","background-size":"auto","background-attachment":"scroll","background-type":"","background-media":"","overlay-type":"","overlay-color":"","overlay-opacity":"","overlay-gradient":""}},"ast-content-background-meta":{"desktop":{"background-color":"var(--ast-global-color-5)","background-image":"","background-repeat":"repeat","background-position":"center center","background-size":"auto","background-attachment":"scroll","background-type":"","background-media":"","overlay-type":"","overlay-color":"","overlay-opacity":"","overlay-gradient":""},"tablet":{"background-color":"var(--ast-global-color-5)","background-image":"","background-repeat":"repeat","background-position":"center center","background-size":"auto","background-attachment":"scroll","background-type":"","background-media":"","overlay-type":"","overlay-color":"","overlay-opacity":"","overlay-gradient":""},"mobile":{"background-color":"var(--ast-global-color-5)","background-image":"","background-repeat":"repeat","background-position":"center center","background-size":"auto","background-attachment":"scroll","background-type":"","background-media":"","overlay-type":"","overlay-color":"","overlay-opacity":"","overlay-gradient":""}}},"product_brand":[],"product_cat":[116,42,118,64],"product_tag":[27,28,26,29,46,47,52,67,25,66,51,69,68,65],"class_list":{"0":"post-2870","1":"product","2":"type-product","3":"status-publish","4":"has-post-thumbnail","6":"product_cat-fermentadores","7":"product_cat-industrial","8":"product_cat-maduradores-y-guarda","9":"product_cat-tanque-para-vino","10":"product_tag-acero-304","11":"product_tag-acero304","12":"product_tag-brewing","13":"product_tag-cerveza-artesanal","14":"product_tag-equipo-cervecero","15":"product_tag-fabrica-de-cerveza","16":"product_tag-fermentador","17":"product_tag-guarda-de-vino","18":"product_tag-home-brewing","19":"product_tag-madurador-de-vino","20":"product_tag-nano-fermentador","21":"product_tag-tanque-acero-inoxidable","22":"product_tag-tanques-para-vino","23":"product_tag-vino","24":"desktop-align-center","25":"tablet-align-center","26":"mobile-align-center","28":"first","29":"onbackorder","30":"featured","31":"shipping-taxable","32":"product-type-simple"},"jetpack_sharing_enabled":true,"_links":{"self":[{"href":"https:\/\/acero304.com\/eshop\/wp-json\/wp\/v2\/product\/2870","targetHints":{"allow":["GET"]}}],"collection":[{"href":"https:\/\/acero304.com\/eshop\/wp-json\/wp\/v2\/product"}],"about":[{"href":"https:\/\/acero304.com\/eshop\/wp-json\/wp\/v2\/types\/product"}],"replies":[{"embeddable":true,"href":"https:\/\/acero304.com\/eshop\/wp-json\/wp\/v2\/comments?post=2870"}],"wp:featuredmedia":[{"embeddable":true,"href":"https:\/\/acero304.com\/eshop\/wp-json\/wp\/v2\/media\/2877"}],"wp:attachment":[{"href":"https:\/\/acero304.com\/eshop\/wp-json\/wp\/v2\/media?parent=2870"}],"wp:term":[{"taxonomy":"product_brand","embeddable":true,"href":"https:\/\/acero304.com\/eshop\/wp-json\/wp\/v2\/product_brand?post=2870"},{"taxonomy":"product_cat","embeddable":true,"href":"https:\/\/acero304.com\/eshop\/wp-json\/wp\/v2\/product_cat?post=2870"},{"taxonomy":"product_tag","embeddable":true,"href":"https:\/\/acero304.com\/eshop\/wp-json\/wp\/v2\/product_tag?post=2870"}],"curies":[{"name":"wp","href":"https:\/\/api.w.org\/{rel}","templated":true}]}}