{"id":2967,"date":"2025-04-03T13:46:43","date_gmt":"2025-04-03T13:46:43","guid":{"rendered":"https:\/\/acero304.com\/eshop\/?post_type=product&#038;p=2967"},"modified":"2026-04-01T16:19:14","modified_gmt":"2026-04-01T16:19:14","slug":"maquina-automatica-de-tapado-y-enroscado","status":"publish","type":"product","link":"https:\/\/acero304.com\/eshop\/producto\/maquina-automatica-de-tapado-y-enroscado\/","title":{"rendered":"M\u00e1quina autom\u00e1tica de tapado y enroscado"},"content":{"rendered":"<h2><strong>DESCRIPCI\u00d3N<\/strong><\/h2>\n<p class=\"#hero-heading heading-font\"><span class=\"\">M\u00e1quina autom\u00e1tica de tapado y enroscado de tapas de botellas con recipiente vibratorio para colocacion automatica de tapas.<\/span><\/p>\n<p><span class=\"VIpgJd-yAWNEb-VIpgJd-fmcmS-sn54Q\">Esta m\u00e1quina tapadora autom\u00e1tica es buena para varias botellas como botellas rociadoras, botellas con gotero, botellas con bomba de gatillo. Est\u00e1 dise\u00f1ada con una estructura de gu\u00eda de botellas, esto es bueno para botellas que son f\u00e1ciles de caer durante el trabajo de tapado, puede mejorar la calidad de producci\u00f3n. Esta m\u00e1quina es ampliamente utilizada en las industrias de alimentos, cosm\u00e9ticos y productos qu\u00edmicos diarios.<\/span><\/p>\n<p><strong>Par\u00e1metro<\/strong><\/p>\n<p><span class=\"\">Modelo de m\u00e1quina: 304z &#8211; <\/span>Power 0,8KW<br \/>\n<span class=\"\">Altura de la botella: 30-400 mm<\/span><br \/>\n<span class=\"\">Di\u00e1metro de la tapa: 20-60 mm (ajustable)<\/span><br \/>\n<span class=\"\">Di\u00e1metro de la botella: 20-100 mm\u00a0<\/span><br \/>\n<span class=\"\">Velocidad de trabajo: 30-60 botellas \/ minuto (dependiendo del tama\u00f1o y la forma de la botella y la tapa)<\/span><br \/>\n<span class=\"\">Voltaje de trabajo: AC220V \/ 110V 50-60HZ<\/span><br \/>\n<span class=\"\">Presi\u00f3n de trabajo: 0,4-0,6 MPa<\/span><br \/>\n<span class=\"\">Tama\u00f1o de la m\u00e1quina: 2200 * 1000 * 1500 mm (m\u00e1quina) + peso 350 kg<\/span><\/p>\n<p><img data-recalc-dims=\"1\" decoding=\"async\" class=\"aligncenter\" src=\"https:\/\/i0.wp.com\/cdn.shopify.com\/s\/files\/1\/1538\/6957\/files\/ZS-XG16P_Automatic_Bottle_Capping_Machine_With_Cap_Feeder_11.jpg?ssl=1\" alt=\"M\u00e1quina taponadora autom\u00e1tica de botellas ZS-XG16 con alimentador de tapas\" \/><\/p>\n<p><img data-recalc-dims=\"1\" decoding=\"async\" class=\"aligncenter\" src=\"https:\/\/i0.wp.com\/cdn.shopify.com\/s\/files\/1\/1538\/6957\/files\/ZS-XG16P_Automatic_Bottle_Capping_Machine_With_Cap_Feeder_8.jpg?ssl=1\" alt=\"Aplicaci\u00f3n de la m\u00e1quina taponadora autom\u00e1tica de botellas ZS-XG16 con alimentador de tapas\" \/><\/p>\n<p>Equipado con un alimentador de taz\u00f3n vibratorio, puede ayudar a organizar y alimentar las tapas de las botellas antes del trabajo de tapado, este tipo de m\u00e1quina est\u00e1 dise\u00f1ada para reducir la mano de obra y los errores de producci\u00f3n, mejora la eficiencia del trabajo.<\/p>\n<p><img data-recalc-dims=\"1\" decoding=\"async\" class=\"aligncenter\" src=\"https:\/\/i0.wp.com\/cdn.shopify.com\/s\/files\/1\/1538\/6957\/files\/ZS-XG16P_Automatic_Bottle_Capping_Machine_With_Cap_Feeder_13.jpg?ssl=1\" alt=\"Clasificador vibratorio de recipiente para tapadora autom\u00e1tica de botellas ZS-XG16 con alimentador de tapas\" \/><\/p>\n<p>La estructura de gu\u00eda de la botella se puede ajustar seg\u00fan el di\u00e1metro de la botella. Est\u00e1 dise\u00f1ada para botellas que se caen f\u00e1cilmente durante el trabajo de tapado y puede ayudar a transportar las botellas de manera estable.<\/p>\n<p><img data-recalc-dims=\"1\" decoding=\"async\" class=\"aligncenter\" src=\"https:\/\/i0.wp.com\/cdn.shopify.com\/s\/files\/1\/1538\/6957\/files\/ZS-XG16P_Automatic_Bottle_Capping_Machine_With_Cap_Feeder_14.jpg?ssl=1\" alt=\"Estructura de gu\u00eda de la m\u00e1quina taponadora autom\u00e1tica de botellas ZS-XG16 con alimentador de tapas\" \/><\/p>\n<p>La estructura de tapado consta de 4 ruedas de goma, este tipo de m\u00e9todo de tapado lo hace adecuado para varias botellas como botellas con bomba de gatillo, botellas con gotero, botellas rociadoras, ampliando el rango de aplicaci\u00f3n.<\/p>\n<p><img data-recalc-dims=\"1\" decoding=\"async\" class=\"aligncenter\" src=\"https:\/\/i0.wp.com\/cdn.shopify.com\/s\/files\/1\/1538\/6957\/files\/ZS-XG16P_Automatic_Bottle_Capping_Machine_With_Cap_Feeder_15.jpg?ssl=1\" alt=\"Cabezal de tapado de la m\u00e1quina taponadora autom\u00e1tica de botellas ZS-XG16 con alimentador de tapas\" \/><\/p>\n<p>El ojo el\u00e9ctrico est\u00e1 dise\u00f1ado para recibir y enviar se\u00f1ales, controlando si la m\u00e1quina funciona o no. Con esto, la m\u00e1quina puede tapar la botella con precisi\u00f3n y mejorar la precisi\u00f3n de producci\u00f3n.<\/p>\n<p><img data-recalc-dims=\"1\" decoding=\"async\" class=\"aligncenter\" src=\"https:\/\/i0.wp.com\/cdn.shopify.com\/s\/files\/1\/1538\/6957\/files\/ZS-XG16P_Automatic_Bottle_Capping_Machine_With_Cap_Feeder_16_480x480.jpg?ssl=1\" alt=\"Ojo el\u00e9ctrico de la m\u00e1quina taponadora autom\u00e1tica de botellas ZS-XG16 con alimentador de tapas\" \/><\/p>\n<p>La cinta transportadora de cadena tiene gran capacidad, lo que garantiza que la botella pueda transportarse de manera estable y reduce el error de producci\u00f3n. El ancho del transportador se puede personalizar seg\u00fan las necesidades de producci\u00f3n.<\/p>\n<p><img data-recalc-dims=\"1\" decoding=\"async\" class=\"aligncenter\" src=\"https:\/\/i0.wp.com\/cdn.shopify.com\/s\/files\/1\/1538\/6957\/files\/ZS-XG16P_Automatic_Bottle_Capping_Machine_With_Cap_Feeder_17.jpg?ssl=1\" alt=\"Cinta transportadora de la m\u00e1quina taponadora autom\u00e1tica de botellas ZS-XG16 con alimentador de tapas\" \/><\/p>\n<p>&nbsp;<\/p>\n<p>&nbsp;<\/p>\n","protected":false},"excerpt":{"rendered":"<p>Consultar forma de pago.<\/p>\n<p>IVA Incluido.<\/p>\n<p>TIEMPO DE ENTREGA 120 DIAS APROXIMADOS.<\/p>\n","protected":false},"featured_media":2968,"comment_status":"open","ping_status":"closed","template":"","meta":{"site-sidebar-layout":"default","site-content-layout":"","ast-site-content-layout":"default","site-content-style":"default","site-sidebar-style":"default","ast-global-header-display":"","ast-banner-title-visibility":"","ast-main-header-display":"","ast-hfb-above-header-display":"","ast-hfb-below-header-display":"","ast-hfb-mobile-header-display":"","site-post-title":"","ast-breadcrumbs-content":"","ast-featured-img":"","footer-sml-layout":"","ast-disable-related-posts":"","theme-transparent-header-meta":"","adv-header-id-meta":"","stick-header-meta":"","header-above-stick-meta":"","header-main-stick-meta":"","header-below-stick-meta":"","astra-migrate-meta-layouts":"default","ast-page-background-enabled":"default","ast-page-background-meta":{"desktop":{"background-color":"","background-image":"","background-repeat":"repeat","background-position":"center center","background-size":"auto","background-attachment":"scroll","background-type":"","background-media":"","overlay-type":"","overlay-color":"","overlay-opacity":"","overlay-gradient":""},"tablet":{"background-color":"","background-image":"","background-repeat":"repeat","background-position":"center center","background-size":"auto","background-attachment":"scroll","background-type":"","background-media":"","overlay-type":"","overlay-color":"","overlay-opacity":"","overlay-gradient":""},"mobile":{"background-color":"","background-image":"","background-repeat":"repeat","background-position":"center center","background-size":"auto","background-attachment":"scroll","background-type":"","background-media":"","overlay-type":"","overlay-color":"","overlay-opacity":"","overlay-gradient":""}},"ast-content-background-meta":{"desktop":{"background-color":"var(--ast-global-color-5)","background-image":"","background-repeat":"repeat","background-position":"center center","background-size":"auto","background-attachment":"scroll","background-type":"","background-media":"","overlay-type":"","overlay-color":"","overlay-opacity":"","overlay-gradient":""},"tablet":{"background-color":"var(--ast-global-color-5)","background-image":"","background-repeat":"repeat","background-position":"center center","background-size":"auto","background-attachment":"scroll","background-type":"","background-media":"","overlay-type":"","overlay-color":"","overlay-opacity":"","overlay-gradient":""},"mobile":{"background-color":"var(--ast-global-color-5)","background-image":"","background-repeat":"repeat","background-position":"center center","background-size":"auto","background-attachment":"scroll","background-type":"","background-media":"","overlay-type":"","overlay-color":"","overlay-opacity":"","overlay-gradient":""}}},"product_brand":[],"product_cat":[112],"product_tag":[27,28,26,29,77,76,79,46,47,52,25,75,51,78],"class_list":{"0":"post-2967","1":"product","2":"type-product","3":"status-publish","4":"has-post-thumbnail","6":"product_cat-tapadoras","7":"product_tag-acero-304","8":"product_tag-acero304","9":"product_tag-brewing","10":"product_tag-cerveza-artesanal","11":"product_tag-enlatado","12":"product_tag-enlatadora","13":"product_tag-envasadora","14":"product_tag-equipo-cervecero","15":"product_tag-fabrica-de-cerveza","16":"product_tag-fermentador","17":"product_tag-home-brewing","18":"product_tag-llenadora","19":"product_tag-nano-fermentador","20":"product_tag-sistema-de-enlatado","21":"desktop-align-center","22":"tablet-align-center","23":"mobile-align-center","25":"first","26":"onbackorder","27":"sale","28":"featured","29":"shipping-taxable","30":"product-type-simple"},"jetpack_sharing_enabled":true,"_links":{"self":[{"href":"https:\/\/acero304.com\/eshop\/wp-json\/wp\/v2\/product\/2967","targetHints":{"allow":["GET"]}}],"collection":[{"href":"https:\/\/acero304.com\/eshop\/wp-json\/wp\/v2\/product"}],"about":[{"href":"https:\/\/acero304.com\/eshop\/wp-json\/wp\/v2\/types\/product"}],"replies":[{"embeddable":true,"href":"https:\/\/acero304.com\/eshop\/wp-json\/wp\/v2\/comments?post=2967"}],"wp:featuredmedia":[{"embeddable":true,"href":"https:\/\/acero304.com\/eshop\/wp-json\/wp\/v2\/media\/2968"}],"wp:attachment":[{"href":"https:\/\/acero304.com\/eshop\/wp-json\/wp\/v2\/media?parent=2967"}],"wp:term":[{"taxonomy":"product_brand","embeddable":true,"href":"https:\/\/acero304.com\/eshop\/wp-json\/wp\/v2\/product_brand?post=2967"},{"taxonomy":"product_cat","embeddable":true,"href":"https:\/\/acero304.com\/eshop\/wp-json\/wp\/v2\/product_cat?post=2967"},{"taxonomy":"product_tag","embeddable":true,"href":"https:\/\/acero304.com\/eshop\/wp-json\/wp\/v2\/product_tag?post=2967"}],"curies":[{"name":"wp","href":"https:\/\/api.w.org\/{rel}","templated":true}]}}