{"id":2984,"date":"2025-04-03T15:29:20","date_gmt":"2025-04-03T15:29:20","guid":{"rendered":"https:\/\/acero304.com\/eshop\/?post_type=product&#038;p=2984"},"modified":"2025-05-21T20:51:07","modified_gmt":"2025-05-21T20:51:07","slug":"tapadora-manual-roscadora-ropp-pilfter-proof","status":"publish","type":"product","link":"https:\/\/acero304.com\/eshop\/producto\/tapadora-manual-roscadora-ropp-pilfter-proof\/","title":{"rendered":"Tapadora manual roscadora Ropp Pilfter Proof"},"content":{"rendered":"<h3><strong>Descripci\u00f3n:<\/strong><\/h3>\n<div>\n<p>Es adecuado para tapar tapas de aluminio, tapas de metal, tapas de pl\u00e1stico, f\u00e1cil operaci\u00f3n y ajuste.<\/p>\n<p>Esta tapadora es ideal para apretar tapas met\u00e1licas, de aluminio y de rosca para botellas de vidrio, pl\u00e1stico y PET.<\/p>\n<p>El cabezal se puede ajustar para adaptarse a diferentes tama\u00f1os de tapa.<\/p>\n<p>&nbsp;<\/p>\n<p>Maquina tapadora autom\u00e1tica con colocaci\u00f3n manual de la botella y tapa.<\/p>\n<p>Est\u00e1 dise\u00f1ada para apretar la tapa a prueba de robos para botellas de vino, botellas de pl\u00e1stico, botellas de vidrio, etc.<\/p>\n<p>Es adecuada para tapas de botellas de \u03c620-40 mm, es la opci\u00f3n ideal para bebidas, cosm\u00e9ticos, qu\u00edmicos y productos farmac\u00e9uticos.<\/p>\n<\/div>\n<div>\n<div>\n<div data-id=\"paragraph0\">\n<h3><strong>Par\u00e1metro<\/strong><\/h3>\n<table class=\"all magic-17\">\n<tbody>\n<tr>\n<td colspan=\"1\" rowspan=\"1\">\n<div class=\"magic-18\">Voltaje<\/div>\n<\/td>\n<td colspan=\"4\" rowspan=\"1\">\n<div class=\"magic-19\">110 V\/220 V 50-60 Hz<\/div>\n<\/td>\n<\/tr>\n<tr>\n<td colspan=\"1\" rowspan=\"1\">\n<div class=\"magic-18\">Fuerza<\/div>\n<\/td>\n<td colspan=\"4\" rowspan=\"1\">\n<div class=\"magic-19\">0,37 kW<\/div>\n<\/td>\n<\/tr>\n<tr>\n<td colspan=\"1\" rowspan=\"1\">\n<div class=\"magic-18\">Di\u00e1metro de tapas adecuadas<\/div>\n<\/td>\n<td colspan=\"4\" rowspan=\"1\">\n<div class=\"magic-19\">\u03c620-40 mm<\/div>\n<\/td>\n<\/tr>\n<tr>\n<td colspan=\"1\" rowspan=\"1\">\n<div class=\"magic-18\">Altura de la tapa de la botella<\/div>\n<\/td>\n<td colspan=\"4\" rowspan=\"1\">\n<div class=\"magic-22\">7-35 mil\u00edmetros<\/div>\n<\/td>\n<\/tr>\n<tr>\n<td colspan=\"1\" rowspan=\"1\">\n<div class=\"magic-18\">Altura adecuada de la botella<\/div>\n<\/td>\n<td colspan=\"4\" rowspan=\"1\">\n<div class=\"magic-22\">50-300 mil\u00edmetros<\/div>\n<\/td>\n<\/tr>\n<tr>\n<td colspan=\"1\" rowspan=\"1\">\n<div class=\"magic-18\">Velocidad de trabajo<\/div>\n<\/td>\n<td colspan=\"4\" rowspan=\"1\">\n<div class=\"magic-22\">1200 botellas\/hora<\/div>\n<\/td>\n<\/tr>\n<tr>\n<td colspan=\"1\" rowspan=\"1\">\n<div class=\"magic-18\">Peso bruto peso neto<\/div>\n<\/td>\n<td colspan=\"4\" rowspan=\"1\">\n<div class=\"magic-22\">54 kg\/66 kg<\/div>\n<\/td>\n<\/tr>\n<tr>\n<td colspan=\"1\" rowspan=\"1\">\n<div class=\"magic-18\">Tama\u00f1o de la m\u00e1quina<\/div>\n<\/td>\n<td colspan=\"4\" rowspan=\"1\">\n<div class=\"magic-22\">55*92*35cm<\/div>\n<\/td>\n<\/tr>\n<tr>\n<td colspan=\"1\" rowspan=\"1\">\n<div class=\"magic-18\">Tama\u00f1o del paquete<\/div>\n<\/td>\n<td colspan=\"4\" rowspan=\"1\">\n<div class=\"magic-22\">61*99*26cm<\/div>\n<\/td>\n<\/tr>\n<\/tbody>\n<\/table>\n<\/div>\n<\/div>\n<\/div>\n<p><img data-recalc-dims=\"1\" decoding=\"async\" class=\"aligncenter\" src=\"https:\/\/i0.wp.com\/ae01.alicdn.com\/kf\/Uf652ee1f2d114b9398f48c74d7f47e1fK.jpg?ssl=1\" alt=\"850_02\" \/><\/p>\n<p><img data-recalc-dims=\"1\" decoding=\"async\" class=\"aligncenter\" src=\"https:\/\/i0.wp.com\/ae01.alicdn.com\/kf\/U99c9e0ec77ac4a9eb2a9293435d0b957C.jpg?ssl=1\" alt=\"850_03\" \/><\/p>\n<p><img data-recalc-dims=\"1\" decoding=\"async\" class=\"aligncenter\" src=\"https:\/\/i0.wp.com\/ae01.alicdn.com\/kf\/Udd618ca8bed24b3495cf2e11d1e86f01Z.jpg?ssl=1\" alt=\"850_04\" \/><\/p>\n<p>&nbsp;<\/p>\n<p>&nbsp;<\/p>\n<p>&nbsp;<\/p>\n<p>&nbsp;<\/p>\n<p>&nbsp;<\/p>\n","protected":false},"excerpt":{"rendered":"<p>Consultar forma de pago.<\/p>\n<p>IVA Incluido.<\/p>\n<p>TIEMPO DE ENTREGA 120 DIAS APROXIMADOS.<\/p>\n","protected":false},"featured_media":2985,"comment_status":"open","ping_status":"closed","template":"","meta":{"site-sidebar-layout":"default","site-content-layout":"","ast-site-content-layout":"default","site-content-style":"default","site-sidebar-style":"default","ast-global-header-display":"","ast-banner-title-visibility":"","ast-main-header-display":"","ast-hfb-above-header-display":"","ast-hfb-below-header-display":"","ast-hfb-mobile-header-display":"","site-post-title":"","ast-breadcrumbs-content":"","ast-featured-img":"","footer-sml-layout":"","ast-disable-related-posts":"","theme-transparent-header-meta":"","adv-header-id-meta":"","stick-header-meta":"","header-above-stick-meta":"","header-main-stick-meta":"","header-below-stick-meta":"","astra-migrate-meta-layouts":"default","ast-page-background-enabled":"default","ast-page-background-meta":{"desktop":{"background-color":"","background-image":"","background-repeat":"repeat","background-position":"center center","background-size":"auto","background-attachment":"scroll","background-type":"","background-media":"","overlay-type":"","overlay-color":"","overlay-opacity":"","overlay-gradient":""},"tablet":{"background-color":"","background-image":"","background-repeat":"repeat","background-position":"center center","background-size":"auto","background-attachment":"scroll","background-type":"","background-media":"","overlay-type":"","overlay-color":"","overlay-opacity":"","overlay-gradient":""},"mobile":{"background-color":"","background-image":"","background-repeat":"repeat","background-position":"center center","background-size":"auto","background-attachment":"scroll","background-type":"","background-media":"","overlay-type":"","overlay-color":"","overlay-opacity":"","overlay-gradient":""}},"ast-content-background-meta":{"desktop":{"background-color":"var(--ast-global-color-5)","background-image":"","background-repeat":"repeat","background-position":"center center","background-size":"auto","background-attachment":"scroll","background-type":"","background-media":"","overlay-type":"","overlay-color":"","overlay-opacity":"","overlay-gradient":""},"tablet":{"background-color":"var(--ast-global-color-5)","background-image":"","background-repeat":"repeat","background-position":"center center","background-size":"auto","background-attachment":"scroll","background-type":"","background-media":"","overlay-type":"","overlay-color":"","overlay-opacity":"","overlay-gradient":""},"mobile":{"background-color":"var(--ast-global-color-5)","background-image":"","background-repeat":"repeat","background-position":"center center","background-size":"auto","background-attachment":"scroll","background-type":"","background-media":"","overlay-type":"","overlay-color":"","overlay-opacity":"","overlay-gradient":""}}},"product_brand":[],"product_cat":[112],"product_tag":[27,28,26,29,77,76,79,46,47,52,25,75,51,78],"class_list":{"0":"post-2984","1":"product","2":"type-product","3":"status-publish","4":"has-post-thumbnail","6":"product_cat-tapadoras","7":"product_tag-acero-304","8":"product_tag-acero304","9":"product_tag-brewing","10":"product_tag-cerveza-artesanal","11":"product_tag-enlatado","12":"product_tag-enlatadora","13":"product_tag-envasadora","14":"product_tag-equipo-cervecero","15":"product_tag-fabrica-de-cerveza","16":"product_tag-fermentador","17":"product_tag-home-brewing","18":"product_tag-llenadora","19":"product_tag-nano-fermentador","20":"product_tag-sistema-de-enlatado","21":"desktop-align-center","22":"tablet-align-center","23":"mobile-align-center","25":"first","26":"onbackorder","27":"featured","28":"shipping-taxable","29":"product-type-simple"},"jetpack_sharing_enabled":true,"_links":{"self":[{"href":"https:\/\/acero304.com\/eshop\/wp-json\/wp\/v2\/product\/2984","targetHints":{"allow":["GET"]}}],"collection":[{"href":"https:\/\/acero304.com\/eshop\/wp-json\/wp\/v2\/product"}],"about":[{"href":"https:\/\/acero304.com\/eshop\/wp-json\/wp\/v2\/types\/product"}],"replies":[{"embeddable":true,"href":"https:\/\/acero304.com\/eshop\/wp-json\/wp\/v2\/comments?post=2984"}],"wp:featuredmedia":[{"embeddable":true,"href":"https:\/\/acero304.com\/eshop\/wp-json\/wp\/v2\/media\/2985"}],"wp:attachment":[{"href":"https:\/\/acero304.com\/eshop\/wp-json\/wp\/v2\/media?parent=2984"}],"wp:term":[{"taxonomy":"product_brand","embeddable":true,"href":"https:\/\/acero304.com\/eshop\/wp-json\/wp\/v2\/product_brand?post=2984"},{"taxonomy":"product_cat","embeddable":true,"href":"https:\/\/acero304.com\/eshop\/wp-json\/wp\/v2\/product_cat?post=2984"},{"taxonomy":"product_tag","embeddable":true,"href":"https:\/\/acero304.com\/eshop\/wp-json\/wp\/v2\/product_tag?post=2984"}],"curies":[{"name":"wp","href":"https:\/\/api.w.org\/{rel}","templated":true}]}}