{"id":3003,"date":"2025-04-09T13:48:20","date_gmt":"2025-04-09T13:48:20","guid":{"rendered":"https:\/\/acero304.com\/eshop\/?post_type=product&#038;p=3003"},"modified":"2026-03-20T13:01:12","modified_gmt":"2026-03-20T13:01:12","slug":"tratamiento-de-agua","status":"publish","type":"product","link":"https:\/\/acero304.com\/eshop\/producto\/tratamiento-de-agua\/","title":{"rendered":"Tratamiento de Agua Osmosis Inversa"},"content":{"rendered":"<div data-id=\"paragraph0\">\n<p>&nbsp;<\/p>\n<p><strong style=\"font-size: 16px;\">DESCRIPCI\u00d3N<\/strong><strong>Purificador de agua por \u00f3smosis inversa 1.000L\/H y <\/strong><strong>2000L\/H<\/strong><\/p>\n<p>La \u00f3smosis inversa (OI) es un proceso de purificaci\u00f3n de agua que utiliza el principio de presi\u00f3n aplicada para superar la presi\u00f3n osm\u00f3tica para separar iones, mol\u00e9culas no deseadas y part\u00edculas m\u00e1s grandes de las soluciones, lo que puede eliminar la sal disuelta en un 99% y materiales da\u00f1inos, como part\u00edculas, coloides, impurezas org\u00e1nicas, iones de metales pesados, bacterias, virus y fuentes de calor, etc. Es ampliamente utilizado en laboratorios, procesos industriales, la producci\u00f3n de agua potable, etc.<\/p>\n<p><a href=\"https:\/\/i0.wp.com\/acero304.com\/eshop\/wp-content\/uploads\/2025\/04\/Imagen29.png?ssl=1\"><img data-recalc-dims=\"1\" loading=\"lazy\" decoding=\"async\" class=\"wp-image-3004 aligncenter\" src=\"https:\/\/i0.wp.com\/acero304.com\/eshop\/wp-content\/uploads\/2025\/04\/Imagen29.png?resize=637%2C374&#038;ssl=1\" alt=\"\" width=\"637\" height=\"374\" srcset=\"https:\/\/i0.wp.com\/acero304.com\/eshop\/wp-content\/uploads\/2025\/04\/Imagen29.png?resize=300%2C176&amp;ssl=1 300w, https:\/\/i0.wp.com\/acero304.com\/eshop\/wp-content\/uploads\/2025\/04\/Imagen29.png?w=556&amp;ssl=1 556w\" sizes=\"auto, (max-width: 637px) 100vw, 637px\" \/><\/a><\/p>\n<h2>PREFILTRACI\u00d3N<\/h2>\n<p><strong>Filtraci\u00f3n con arena de cuarzo<\/strong><\/p>\n<p>Elimina eficazmente part\u00edculas grandes, sedimentos y turbidez del agua de entrada. Esto prolonga la vida \u00fatil de los filtros posteriores.<\/p>\n<p><strong>Filtraci\u00f3n con carb\u00f3n activado<\/strong><br \/>\nAdsorbe cloro, compuestos org\u00e1nicos, olores y sabores, mejorando la calidad y el sabor del agua.<\/p>\n<p><strong>Filtraci\u00f3n suavizante<\/strong><br \/>\nReduce la dureza del agua eliminando los iones de calcio y magnesio, lo que previene la acumulaci\u00f3n de sarro y mejora la eficiencia de la membrana de \u00f3smosis inversa.<\/p>\n<p><a href=\"https:\/\/i0.wp.com\/acero304.com\/eshop\/wp-content\/uploads\/2025\/04\/Imagen4.jpg?ssl=1\"><img data-recalc-dims=\"1\" loading=\"lazy\" decoding=\"async\" class=\"alignnone wp-image-3006\" src=\"https:\/\/i0.wp.com\/acero304.com\/eshop\/wp-content\/uploads\/2025\/04\/Imagen4.jpg?resize=494%2C418&#038;ssl=1\" alt=\"\" width=\"494\" height=\"418\" srcset=\"https:\/\/i0.wp.com\/acero304.com\/eshop\/wp-content\/uploads\/2025\/04\/Imagen4.jpg?resize=300%2C254&amp;ssl=1 300w, https:\/\/i0.wp.com\/acero304.com\/eshop\/wp-content\/uploads\/2025\/04\/Imagen4.jpg?w=583&amp;ssl=1 583w\" sizes=\"auto, (max-width: 494px) 100vw, 494px\" \/><\/a><a href=\"https:\/\/i0.wp.com\/acero304.com\/eshop\/wp-content\/uploads\/2025\/04\/Imagen3-1.jpg?ssl=1\"><img data-recalc-dims=\"1\" loading=\"lazy\" decoding=\"async\" class=\"alignnone wp-image-3005\" src=\"https:\/\/i0.wp.com\/acero304.com\/eshop\/wp-content\/uploads\/2025\/04\/Imagen3-1.jpg?resize=483%2C395&#038;ssl=1\" alt=\"\" width=\"483\" height=\"395\" srcset=\"https:\/\/i0.wp.com\/acero304.com\/eshop\/wp-content\/uploads\/2025\/04\/Imagen3-1.jpg?resize=300%2C245&amp;ssl=1 300w, https:\/\/i0.wp.com\/acero304.com\/eshop\/wp-content\/uploads\/2025\/04\/Imagen3-1.jpg?w=573&amp;ssl=1 573w\" sizes=\"auto, (max-width: 483px) 100vw, 483px\" \/><\/a><\/p>\n<p>&nbsp;<\/p>\n<\/div>\n","protected":false},"excerpt":{"rendered":"<p>Consultar forma de pago.<\/p>\n<p>IVA Incluido.<\/p>\n<p>TIEMPO DE ENTREGA 120 DIAS APROXIMADOS.<\/p>\n","protected":false},"featured_media":3004,"comment_status":"open","ping_status":"closed","template":"","meta":{"site-sidebar-layout":"default","site-content-layout":"","ast-site-content-layout":"default","site-content-style":"default","site-sidebar-style":"default","ast-global-header-display":"","ast-banner-title-visibility":"","ast-main-header-display":"","ast-hfb-above-header-display":"","ast-hfb-below-header-display":"","ast-hfb-mobile-header-display":"","site-post-title":"","ast-breadcrumbs-content":"","ast-featured-img":"","footer-sml-layout":"","ast-disable-related-posts":"","theme-transparent-header-meta":"","adv-header-id-meta":"","stick-header-meta":"","header-above-stick-meta":"","header-main-stick-meta":"","header-below-stick-meta":"","astra-migrate-meta-layouts":"default","ast-page-background-enabled":"default","ast-page-background-meta":{"desktop":{"background-color":"","background-image":"","background-repeat":"repeat","background-position":"center center","background-size":"auto","background-attachment":"scroll","background-type":"","background-media":"","overlay-type":"","overlay-color":"","overlay-opacity":"","overlay-gradient":""},"tablet":{"background-color":"","background-image":"","background-repeat":"repeat","background-position":"center center","background-size":"auto","background-attachment":"scroll","background-type":"","background-media":"","overlay-type":"","overlay-color":"","overlay-opacity":"","overlay-gradient":""},"mobile":{"background-color":"","background-image":"","background-repeat":"repeat","background-position":"center center","background-size":"auto","background-attachment":"scroll","background-type":"","background-media":"","overlay-type":"","overlay-color":"","overlay-opacity":"","overlay-gradient":""}},"ast-content-background-meta":{"desktop":{"background-color":"var(--ast-global-color-5)","background-image":"","background-repeat":"repeat","background-position":"center center","background-size":"auto","background-attachment":"scroll","background-type":"","background-media":"","overlay-type":"","overlay-color":"","overlay-opacity":"","overlay-gradient":""},"tablet":{"background-color":"var(--ast-global-color-5)","background-image":"","background-repeat":"repeat","background-position":"center center","background-size":"auto","background-attachment":"scroll","background-type":"","background-media":"","overlay-type":"","overlay-color":"","overlay-opacity":"","overlay-gradient":""},"mobile":{"background-color":"var(--ast-global-color-5)","background-image":"","background-repeat":"repeat","background-position":"center center","background-size":"auto","background-attachment":"scroll","background-type":"","background-media":"","overlay-type":"","overlay-color":"","overlay-opacity":"","overlay-gradient":""}}},"product_brand":[],"product_cat":[126],"product_tag":[27,28,26,29,77,76,79,46,47,52,25,75,51,78],"class_list":{"0":"post-3003","1":"product","2":"type-product","3":"status-publish","4":"has-post-thumbnail","6":"product_cat-tratamiento","7":"product_tag-acero-304","8":"product_tag-acero304","9":"product_tag-brewing","10":"product_tag-cerveza-artesanal","11":"product_tag-enlatado","12":"product_tag-enlatadora","13":"product_tag-envasadora","14":"product_tag-equipo-cervecero","15":"product_tag-fabrica-de-cerveza","16":"product_tag-fermentador","17":"product_tag-home-brewing","18":"product_tag-llenadora","19":"product_tag-nano-fermentador","20":"product_tag-sistema-de-enlatado","21":"desktop-align-center","22":"tablet-align-center","23":"mobile-align-center","25":"first","26":"onbackorder","27":"featured","28":"shipping-taxable","29":"product-type-simple"},"jetpack_sharing_enabled":true,"_links":{"self":[{"href":"https:\/\/acero304.com\/eshop\/wp-json\/wp\/v2\/product\/3003","targetHints":{"allow":["GET"]}}],"collection":[{"href":"https:\/\/acero304.com\/eshop\/wp-json\/wp\/v2\/product"}],"about":[{"href":"https:\/\/acero304.com\/eshop\/wp-json\/wp\/v2\/types\/product"}],"replies":[{"embeddable":true,"href":"https:\/\/acero304.com\/eshop\/wp-json\/wp\/v2\/comments?post=3003"}],"wp:featuredmedia":[{"embeddable":true,"href":"https:\/\/acero304.com\/eshop\/wp-json\/wp\/v2\/media\/3004"}],"wp:attachment":[{"href":"https:\/\/acero304.com\/eshop\/wp-json\/wp\/v2\/media?parent=3003"}],"wp:term":[{"taxonomy":"product_brand","embeddable":true,"href":"https:\/\/acero304.com\/eshop\/wp-json\/wp\/v2\/product_brand?post=3003"},{"taxonomy":"product_cat","embeddable":true,"href":"https:\/\/acero304.com\/eshop\/wp-json\/wp\/v2\/product_cat?post=3003"},{"taxonomy":"product_tag","embeddable":true,"href":"https:\/\/acero304.com\/eshop\/wp-json\/wp\/v2\/product_tag?post=3003"}],"curies":[{"name":"wp","href":"https:\/\/api.w.org\/{rel}","templated":true}]}}