{"id":3026,"date":"2025-04-29T19:21:15","date_gmt":"2025-04-29T19:21:15","guid":{"rendered":"https:\/\/acero304.com\/eshop\/?post_type=product&#038;p=3026"},"modified":"2025-08-07T13:35:04","modified_gmt":"2025-08-07T13:35:04","slug":"lavadora-de-barriles","status":"publish","type":"product","link":"https:\/\/acero304.com\/eshop\/producto\/lavadora-de-barriles\/","title":{"rendered":"Lavadora de Barriles"},"content":{"rendered":"<p><span style=\"font-size: 16px; -webkit-text-size-adjust: 100%;\">\u2022 LAVADORA DE BARRILES<\/span><\/p>\n<p>Dimensiones: 1600 x 1100 x 2100 mm<br \/>\nControl PLC<br \/>\n2 cabezales<br \/>\nPresi\u00f3n de la fuente de aire y gas: 0,6-0,8 MPa<br \/>\nPresi\u00f3n de la fuente de CO2 (Qi): 0,3-0,8 MPa<br \/>\nPresi\u00f3n de trabajo del cilindro: 0,4-0,5 MPa<br \/>\nPresi\u00f3n de preparaci\u00f3n: 0,05-0,1 MPa<br \/>\nPresi\u00f3n de trabajo de la presi\u00f3n de aire (Qi): 0,2-0,3 MPa<br \/>\nPresi\u00f3n del agua: 0,3 MPa<\/p>\n<p>Capacidad de producci\u00f3n: 80-120 barriles\/hora<\/p>\n<p><span style=\"font-size: 16px;\"><span style=\"font-size: 16px; -webkit-text-size-adjust: 100%;\">+Tama\u00f1os de barriles operables. Di\u00e1metros\u00a0 de \u0444250-500mm y alturas de 400-660mm<\/span><\/span><\/p>\n<p>+Fabricadas en acero inoxidable SUS304 de alta calidad apto para uso alimentario, todas las tuber\u00edas son SUS304 y todas las etiquetas est\u00e1n en ingl\u00e9s.<br \/>\n+ Todos los tanques se someter\u00e1n a pruebas y detecci\u00f3n en la sala de ensayos no destructivos (NDT) una vez finalizados, para garantizar la ausencia de fugas.<br \/>\n+Todas las camisas se someter\u00e1n a pruebas de presi\u00f3n de agua, con una presi\u00f3n de prueba de 0,4 MPa y una presi\u00f3n de trabajo de 0,15 MPa.<br \/>\n+Todos los tanques contar\u00e1n con protecci\u00f3n contra la presi\u00f3n 48 horas antes de salir de f\u00e1brica.<br \/>\n+Todas las soldaduras son completamente soldadas con TIG, decapadas con \u00e1cido y pasivadas.<br \/>\n+Todos los tanques cuentan con pulido a espejo en su interior.<\/p>\n<p>Esta m\u00e1quina cuenta con 3 tanques<\/p>\n<ol>\n<li>Tanque de agua caliente con calentador el\u00e9ctrico,<\/li>\n<li>Tanque de detergente alcalino con calentador el\u00e9ctrico,<\/li>\n<li>Tanque de \u00e1cido perac\u00e9tico para la desinfeccion.<\/li>\n<li>Dos bombas.<\/li>\n<\/ol>\n<p>&nbsp;<\/p>\n<p>METODO:<\/p>\n<p>Coloque el barril de cerveza en la m\u00e1quina &#8211; soplado de la cerveza residual en el barril con aire comprimido &#8211; l\u00edmpieza con agua caliente &#8211; descarga de agua caliente (debido a que contiene cerveza residual, se descargar\u00e1 y ya no se reciclar\u00e1) &#8211; soplado de exceso de agua caliente en el barril con aire comprimido &#8211; l\u00edmpieza con agua detergente alcalina &#8211; descarga de agua alcalina nuevamente al tanque de agua alcalina para reutilizarla &#8211; soplado de exceso de agua detergente alcalina en el barril con aire comprimido &#8211; l\u00edmpieza con \u00e1cido perac\u00e9tico &#8211; descarga de \u00e1cido perac\u00e9tico nuevamente al tanque de \u00e1cido perac\u00e9tico para reutilizarlo- soplado de exceso de \u00e1cido perac\u00e9tico en el barril con aire comprimido &#8211; l\u00edmpieza con agua caliente- descarga de agua caliente (debido a que contiene \u00e1cido perac\u00e9tico residual, se descargar\u00e1 y ya no se reciclar\u00e1) &#8211; uso de di\u00f3xido de carbono para vaciar el barril y colocacion de presi\u00f3n con di\u00f3xido decarbono (para evitar contaminacion externa). FIN.<\/p>\n<p>&nbsp;<\/p>\n<p><a href=\"https:\/\/i0.wp.com\/acero304.com\/eshop\/wp-content\/uploads\/2025\/04\/WhatsApp-Image-2025-03-05-at-23.53.13.jpeg?ssl=1\"><img data-recalc-dims=\"1\" loading=\"lazy\" decoding=\"async\" class=\" wp-image-3029 alignleft\" src=\"https:\/\/i0.wp.com\/acero304.com\/eshop\/wp-content\/uploads\/2025\/04\/WhatsApp-Image-2025-03-05-at-23.53.13.jpeg?resize=234%2C415&#038;ssl=1\" alt=\"\" width=\"234\" height=\"415\" \/><\/a> <a href=\"https:\/\/i0.wp.com\/acero304.com\/eshop\/wp-content\/uploads\/2025\/04\/WhatsApp-Image-2025-03-06-at-01.15.54.jpeg?ssl=1\"><img data-recalc-dims=\"1\" loading=\"lazy\" decoding=\"async\" class=\" wp-image-3030 alignleft\" src=\"https:\/\/i0.wp.com\/acero304.com\/eshop\/wp-content\/uploads\/2025\/04\/WhatsApp-Image-2025-03-06-at-01.15.54.jpeg?resize=381%2C296&#038;ssl=1\" alt=\"\" width=\"381\" height=\"296\" \/><\/a><\/p>\n<p>&nbsp;<\/p>\n","protected":false},"excerpt":{"rendered":"<p>Consultar forma de pago.<\/p>\n<p>IVA Incluido.<\/p>\n<p>TIEMPO DE ENTREGA 120 DIAS APROXIMADOS.<\/p>\n","protected":false},"featured_media":3029,"comment_status":"closed","ping_status":"closed","template":"","meta":{"site-sidebar-layout":"default","site-content-layout":"default","ast-site-content-layout":"default","site-content-style":"default","site-sidebar-style":"default","ast-global-header-display":"","ast-banner-title-visibility":"","ast-main-header-display":"","ast-hfb-above-header-display":"","ast-hfb-below-header-display":"","ast-hfb-mobile-header-display":"","site-post-title":"","ast-breadcrumbs-content":"","ast-featured-img":"","footer-sml-layout":"","ast-disable-related-posts":"","theme-transparent-header-meta":"","adv-header-id-meta":"","stick-header-meta":"","header-above-stick-meta":"","header-main-stick-meta":"","header-below-stick-meta":"","astra-migrate-meta-layouts":"default","ast-page-background-enabled":"default","ast-page-background-meta":{"desktop":{"background-color":"","background-image":"","background-repeat":"repeat","background-position":"center center","background-size":"auto","background-attachment":"scroll","background-type":"","background-media":"","overlay-type":"","overlay-color":"","overlay-opacity":"","overlay-gradient":""},"tablet":{"background-color":"","background-image":"","background-repeat":"repeat","background-position":"center center","background-size":"auto","background-attachment":"scroll","background-type":"","background-media":"","overlay-type":"","overlay-color":"","overlay-opacity":"","overlay-gradient":""},"mobile":{"background-color":"","background-image":"","background-repeat":"repeat","background-position":"center center","background-size":"auto","background-attachment":"scroll","background-type":"","background-media":"","overlay-type":"","overlay-color":"","overlay-opacity":"","overlay-gradient":""}},"ast-content-background-meta":{"desktop":{"background-color":"var(--ast-global-color-5)","background-image":"","background-repeat":"repeat","background-position":"center center","background-size":"auto","background-attachment":"scroll","background-type":"","background-media":"","overlay-type":"","overlay-color":"","overlay-opacity":"","overlay-gradient":""},"tablet":{"background-color":"var(--ast-global-color-5)","background-image":"","background-repeat":"repeat","background-position":"center center","background-size":"auto","background-attachment":"scroll","background-type":"","background-media":"","overlay-type":"","overlay-color":"","overlay-opacity":"","overlay-gradient":""},"mobile":{"background-color":"var(--ast-global-color-5)","background-image":"","background-repeat":"repeat","background-position":"center center","background-size":"auto","background-attachment":"scroll","background-type":"","background-media":"","overlay-type":"","overlay-color":"","overlay-opacity":"","overlay-gradient":""}}},"product_brand":[],"product_cat":[42,83,120],"product_tag":[27,28,26,29,77,76,79,46,47,52,25,84,75,51,78],"class_list":{"0":"post-3026","1":"product","2":"type-product","3":"status-publish","4":"has-post-thumbnail","6":"product_cat-industrial","7":"product_cat-lavadora-de-barriles","8":"product_cat-lavadoras","9":"product_tag-acero-304","10":"product_tag-acero304","11":"product_tag-brewing","12":"product_tag-cerveza-artesanal","13":"product_tag-enlatado","14":"product_tag-enlatadora","15":"product_tag-envasadora","16":"product_tag-equipo-cervecero","17":"product_tag-fabrica-de-cerveza","18":"product_tag-fermentador","19":"product_tag-home-brewing","20":"product_tag-lavadora-de-barriles","21":"product_tag-llenadora","22":"product_tag-nano-fermentador","23":"product_tag-sistema-de-enlatado","24":"desktop-align-center","25":"tablet-align-center","26":"mobile-align-center","28":"first","29":"onbackorder","30":"sale","31":"featured","32":"shipping-taxable","33":"product-type-simple"},"jetpack_sharing_enabled":true,"_links":{"self":[{"href":"https:\/\/acero304.com\/eshop\/wp-json\/wp\/v2\/product\/3026","targetHints":{"allow":["GET"]}}],"collection":[{"href":"https:\/\/acero304.com\/eshop\/wp-json\/wp\/v2\/product"}],"about":[{"href":"https:\/\/acero304.com\/eshop\/wp-json\/wp\/v2\/types\/product"}],"replies":[{"embeddable":true,"href":"https:\/\/acero304.com\/eshop\/wp-json\/wp\/v2\/comments?post=3026"}],"wp:featuredmedia":[{"embeddable":true,"href":"https:\/\/acero304.com\/eshop\/wp-json\/wp\/v2\/media\/3029"}],"wp:attachment":[{"href":"https:\/\/acero304.com\/eshop\/wp-json\/wp\/v2\/media?parent=3026"}],"wp:term":[{"taxonomy":"product_brand","embeddable":true,"href":"https:\/\/acero304.com\/eshop\/wp-json\/wp\/v2\/product_brand?post=3026"},{"taxonomy":"product_cat","embeddable":true,"href":"https:\/\/acero304.com\/eshop\/wp-json\/wp\/v2\/product_cat?post=3026"},{"taxonomy":"product_tag","embeddable":true,"href":"https:\/\/acero304.com\/eshop\/wp-json\/wp\/v2\/product_tag?post=3026"}],"curies":[{"name":"wp","href":"https:\/\/api.w.org\/{rel}","templated":true}]}}