{"id":3041,"date":"2025-05-21T16:15:50","date_gmt":"2025-05-21T16:15:50","guid":{"rendered":"https:\/\/acero304.com\/eshop\/?post_type=product&#038;p=3041"},"modified":"2025-05-21T20:47:41","modified_gmt":"2025-05-21T20:47:41","slug":"llenadora-de-pie","status":"publish","type":"product","link":"https:\/\/acero304.com\/eshop\/producto\/llenadora-de-pie\/","title":{"rendered":"Llenadora de pie"},"content":{"rendered":"<div data-id=\"paragraph0\">\n<h4>Llenadora de pist\u00f3n m\u00f3vil de pasta de alta viscosidad con ruedas<\/h4>\n<p>&nbsp;<\/p>\n<p><strong>DESCRIPCI\u00d3N:<\/strong><\/p>\n<p>Esta llenadora volum\u00e9trica le permite llenar contenedores con pastas y l\u00edquidos densos f\u00e1cil y r\u00e1pidamente. Est\u00e1 equipada con una tolva de alta capacidad que contiene su producto y utiliza la gravedad para ayudar al pist\u00f3n durante el proceso de extracci\u00f3n y llenado. Dise\u00f1ada para mejoras en el proceso de producci\u00f3n, esta m\u00e1quina le proporcionar\u00e1 velocidades, precisiones y tasas de producci\u00f3n que el llenado manual nunca podr\u00eda competir.<\/p>\n<p><strong>CARACTERISTICAS:<\/strong><\/p>\n<p><strong> CURVA DE APRENDIZAJE R\u00c1PIDA:<\/strong> Requiere una capacitaci\u00f3n m\u00ednima del operador.<\/p>\n<p><strong>MAYOR PRECISI\u00d3N:<\/strong> Crea un llenado volum\u00e9trico altamente preciso y consistente.<\/p>\n<p><strong>F\u00c1CIL LIMPIEZA:<\/strong> Construida espec\u00edficamente para un desmontaje r\u00e1pido y f\u00e1cil, lo que permite una f\u00e1cil desinfecci\u00f3n.<\/p>\n<p><strong>DURADERA:<\/strong> Construcci\u00f3n de acero inoxidable resistente a la corrosi\u00f3n para una f\u00e1cil desinfecci\u00f3n y una funcionalidad duradera.<\/p>\n<p><strong> IDEAL PARA ESPACIOS LIMITADOS:<\/strong> Capacidades de llenado altas y profesionales en una m\u00e1quina de estilo de sobremesa.<\/p>\n<p><strong>REDUCE LAS FUGAS:<\/strong> Equipada espec\u00edficamente con una boquilla de tipo a prueba de fugas para evitar goteos entre llenados.<\/p>\n<p><strong>COMPONENTES DE GRADO ALIMENTARIO:<\/strong> Excelente alternativa para productos destinados al consumo humano.<\/p>\n<p><strong>RANGO DE LLENADO AJUSTABLE:<\/strong> El llenado volum\u00e9trico se ajusta f\u00e1cilmente con solo girar una rueda.<\/p>\n<p><strong>MENOS TIEMPOS DE INACTIVIDAD:<\/strong> Utilice esta m\u00e1quina para aumentar la velocidad de llenado de botellas, optimizando las operaciones y aumentando la producci\u00f3n.<\/p>\n<p><strong> ACTIVACI\u00d3N MANOS LIBRES:<\/strong> Inicie el ciclo de llenado simplemente presionando un pedal.<\/p>\n<p><strong>IDEAL PARA PRODUCTOS DE ALTA VISCOSIDAD Y GRUESOS:<\/strong> Ofrece la versatilidad para manejar productos tanto espesos como ligeros.<\/p>\n<p><strong>DETALLE TECNICO:<\/strong><\/p>\n<p>Modelo n.\u00b0:XMACH<\/p>\n<p>Capacidad: 5-20 unidades\/min<\/p>\n<p>Precisi\u00f3n de llenado &gt;99 %<\/p>\n<p>Presi\u00f3n de aire: 0,4-0,6 MPa<\/p>\n<p>Material: SUS304 (parte t\u00e1ctil)<\/p>\n<p>Volumen de la tolva: 40 litros<\/p>\n<p>Volumen de llenado: 0-500 ml, 0-1000 ml, 0-2500 ml, 5000 ml (opcional)<\/p>\n<p><strong style=\"font-size: 16px;\"><br \/>\nCOMPRESOR INCLUIDO<\/strong><span style=\"font-size: 16px;\">:<\/span><\/p>\n<p><a href=\"https:\/\/i0.wp.com\/acero304.com\/eshop\/wp-content\/uploads\/2025\/04\/Imagen52.jpg?ssl=1\"><img data-recalc-dims=\"1\" loading=\"lazy\" decoding=\"async\" class=\"alignnone wp-image-3021\" src=\"https:\/\/i0.wp.com\/acero304.com\/eshop\/wp-content\/uploads\/2025\/04\/Imagen52.jpg?resize=290%2C318&#038;ssl=1\" alt=\"\" width=\"290\" height=\"318\" \/><\/a><\/p>\n<p>Compresor de aire<br \/>\nCapacidad: 8 L<br \/>\nMotor: Nivel 2<br \/>\nPotencia: 1100 W<br \/>\nPresi\u00f3n de aire: 0,4-0,8 MPa<br \/>\nPeso: 121,5 kg<br \/>\nDimensiones: 45 x 18 x 45 cm<\/p>\n<\/div>\n","protected":false},"excerpt":{"rendered":"<p>Consultar forma de pago.<\/p>\n<p>IVA Incluido.<\/p>\n<p>TIEMPO DE ENTREGA 120 DIAS APROXIMADOS.<\/p>\n","protected":false},"featured_media":3042,"comment_status":"open","ping_status":"closed","template":"","meta":{"site-sidebar-layout":"default","site-content-layout":"","ast-site-content-layout":"default","site-content-style":"default","site-sidebar-style":"default","ast-global-header-display":"","ast-banner-title-visibility":"","ast-main-header-display":"","ast-hfb-above-header-display":"","ast-hfb-below-header-display":"","ast-hfb-mobile-header-display":"","site-post-title":"","ast-breadcrumbs-content":"","ast-featured-img":"","footer-sml-layout":"","ast-disable-related-posts":"","theme-transparent-header-meta":"","adv-header-id-meta":"","stick-header-meta":"","header-above-stick-meta":"","header-main-stick-meta":"","header-below-stick-meta":"","astra-migrate-meta-layouts":"default","ast-page-background-enabled":"default","ast-page-background-meta":{"desktop":{"background-color":"","background-image":"","background-repeat":"repeat","background-position":"center center","background-size":"auto","background-attachment":"scroll","background-type":"","background-media":"","overlay-type":"","overlay-color":"","overlay-opacity":"","overlay-gradient":""},"tablet":{"background-color":"","background-image":"","background-repeat":"repeat","background-position":"center center","background-size":"auto","background-attachment":"scroll","background-type":"","background-media":"","overlay-type":"","overlay-color":"","overlay-opacity":"","overlay-gradient":""},"mobile":{"background-color":"","background-image":"","background-repeat":"repeat","background-position":"center center","background-size":"auto","background-attachment":"scroll","background-type":"","background-media":"","overlay-type":"","overlay-color":"","overlay-opacity":"","overlay-gradient":""}},"ast-content-background-meta":{"desktop":{"background-color":"var(--ast-global-color-5)","background-image":"","background-repeat":"repeat","background-position":"center center","background-size":"auto","background-attachment":"scroll","background-type":"","background-media":"","overlay-type":"","overlay-color":"","overlay-opacity":"","overlay-gradient":""},"tablet":{"background-color":"var(--ast-global-color-5)","background-image":"","background-repeat":"repeat","background-position":"center center","background-size":"auto","background-attachment":"scroll","background-type":"","background-media":"","overlay-type":"","overlay-color":"","overlay-opacity":"","overlay-gradient":""},"mobile":{"background-color":"var(--ast-global-color-5)","background-image":"","background-repeat":"repeat","background-position":"center center","background-size":"auto","background-attachment":"scroll","background-type":"","background-media":"","overlay-type":"","overlay-color":"","overlay-opacity":"","overlay-gradient":""}}},"product_brand":[],"product_cat":[111],"product_tag":[27,28,26,29,77,76,79,46,47,52,25,75,51,78],"class_list":{"0":"post-3041","1":"product","2":"type-product","3":"status-publish","4":"has-post-thumbnail","6":"product_cat-llenadoras","7":"product_tag-acero-304","8":"product_tag-acero304","9":"product_tag-brewing","10":"product_tag-cerveza-artesanal","11":"product_tag-enlatado","12":"product_tag-enlatadora","13":"product_tag-envasadora","14":"product_tag-equipo-cervecero","15":"product_tag-fabrica-de-cerveza","16":"product_tag-fermentador","17":"product_tag-home-brewing","18":"product_tag-llenadora","19":"product_tag-nano-fermentador","20":"product_tag-sistema-de-enlatado","21":"desktop-align-center","22":"tablet-align-center","23":"mobile-align-center","25":"first","26":"onbackorder","27":"sale","28":"featured","29":"shipping-taxable","30":"product-type-simple"},"jetpack_sharing_enabled":true,"_links":{"self":[{"href":"https:\/\/acero304.com\/eshop\/wp-json\/wp\/v2\/product\/3041","targetHints":{"allow":["GET"]}}],"collection":[{"href":"https:\/\/acero304.com\/eshop\/wp-json\/wp\/v2\/product"}],"about":[{"href":"https:\/\/acero304.com\/eshop\/wp-json\/wp\/v2\/types\/product"}],"replies":[{"embeddable":true,"href":"https:\/\/acero304.com\/eshop\/wp-json\/wp\/v2\/comments?post=3041"}],"wp:featuredmedia":[{"embeddable":true,"href":"https:\/\/acero304.com\/eshop\/wp-json\/wp\/v2\/media\/3042"}],"wp:attachment":[{"href":"https:\/\/acero304.com\/eshop\/wp-json\/wp\/v2\/media?parent=3041"}],"wp:term":[{"taxonomy":"product_brand","embeddable":true,"href":"https:\/\/acero304.com\/eshop\/wp-json\/wp\/v2\/product_brand?post=3041"},{"taxonomy":"product_cat","embeddable":true,"href":"https:\/\/acero304.com\/eshop\/wp-json\/wp\/v2\/product_cat?post=3041"},{"taxonomy":"product_tag","embeddable":true,"href":"https:\/\/acero304.com\/eshop\/wp-json\/wp\/v2\/product_tag?post=3041"}],"curies":[{"name":"wp","href":"https:\/\/api.w.org\/{rel}","templated":true}]}}